{"id":1067,"date":"2020-10-03T23:15:53","date_gmt":"2020-10-03T21:15:53","guid":{"rendered":"https:\/\/matierepremierekolea.com\/?post_type=product&#038;p=1067"},"modified":"2026-01-27T10:31:00","modified_gmt":"2026-01-27T09:31:00","slug":"charbon-vegetal-actif-500g","status":"publish","type":"product","link":"https:\/\/matierepremierekolea.com\/ar\/product\/charbon-vegetal-actif-500g","title":{"rendered":"\u0627\u0644\u0641\u062d\u0645 \u0627\u0644\u0646\u0634\u0637 500\u063a\u0631\u0627\u0645"},"content":{"rendered":"<p>Le Charbon v\u00e9g\u00e9tal activ\u00e9 est connu depuis l&rsquo;Antiquit\u00e9 pour son extraordinaire capacit\u00e9 d&rsquo;adsorption, qui lui vaut notamment des propri\u00e9t\u00e9s purifiantes et d\u00e9toxifiantes tr\u00e8s int\u00e9ressantes. En cosm\u00e9tique, il s&rsquo;utilise comme actif dans les masques, savons, produits lavants ou exfoliants pour \u00e9liminer les impuret\u00e9s et polluants. C&rsquo;est aussi un colorant noir intense et 100% d&rsquo;origine v\u00e9g\u00e9tale, id\u00e9al pour de jolies marbrures dans vos savons \u00ab\u00a0maison\u00a0\u00bb, mais aussi \u00e0 essayer dans vos produits de maquillage&#8230; Actif tr\u00e8s puissant de par sa surface sp\u00e9cifique exceptionnelle, il s&rsquo;utilise \u00e0 faible dose, d&rsquo;autant plus qu&rsquo;il est fortement colorant.<\/p>","protected":false},"excerpt":{"rendered":"<p>Le Charbon v\u00e9g\u00e9tal activ\u00e9 est connu depuis l&rsquo;Antiquit\u00e9 pour son extraordinaire capacit\u00e9 d&rsquo;adsorption, qui lui vaut notamment des propri\u00e9t\u00e9s purifiantes et d\u00e9toxifiantes tr\u00e8s int\u00e9ressantes. En cosm\u00e9tique, il s&rsquo;utilise comme actif dans les masques, savons, produits lavants ou exfoliants pour \u00e9liminer les impuret\u00e9s et polluants. C&rsquo;est aussi un colorant noir intense et 100% d&rsquo;origine v\u00e9g\u00e9tale, id\u00e9al [&hellip;]<\/p>\n","protected":false},"featured_media":1068,"comment_status":"open","ping_status":"closed","template":"","meta":{"_et_pb_use_builder":"","_et_pb_old_content":"","_et_gb_content_width":"","_themeisle_gutenberg_block_has_review":false,"jetpack_publicize_message":"","jetpack_publicize_feature_enabled":true,"jetpack_social_post_already_shared":false,"jetpack_social_options":{"image_generator_settings":{"template":"highway","default_image_id":0,"font":"","enabled":false},"version":2}},"product_brand":[],"product_cat":[16],"product_tag":[],"class_list":{"0":"post-1067","1":"product","2":"type-product","3":"status-publish","4":"has-post-thumbnail","6":"product_cat-produit-cosmetique","8":"first","9":"outofstock","10":"sale","11":"shipping-taxable","12":"purchasable","13":"product-type-simple"},"aioseo_notices":[],"jetpack_publicize_connections":[],"jetpack_sharing_enabled":true,"_links":{"self":[{"href":"https:\/\/matierepremierekolea.com\/ar\/wp-json\/wp\/v2\/product\/1067","targetHints":{"allow":["GET"]}}],"collection":[{"href":"https:\/\/matierepremierekolea.com\/ar\/wp-json\/wp\/v2\/product"}],"about":[{"href":"https:\/\/matierepremierekolea.com\/ar\/wp-json\/wp\/v2\/types\/product"}],"replies":[{"embeddable":true,"href":"https:\/\/matierepremierekolea.com\/ar\/wp-json\/wp\/v2\/comments?post=1067"}],"wp:featuredmedia":[{"embeddable":true,"href":"https:\/\/matierepremierekolea.com\/ar\/wp-json\/wp\/v2\/media\/1068"}],"wp:attachment":[{"href":"https:\/\/matierepremierekolea.com\/ar\/wp-json\/wp\/v2\/media?parent=1067"}],"wp:term":[{"taxonomy":"product_brand","embeddable":true,"href":"https:\/\/matierepremierekolea.com\/ar\/wp-json\/wp\/v2\/product_brand?post=1067"},{"taxonomy":"product_cat","embeddable":true,"href":"https:\/\/matierepremierekolea.com\/ar\/wp-json\/wp\/v2\/product_cat?post=1067"},{"taxonomy":"product_tag","embeddable":true,"href":"https:\/\/matierepremierekolea.com\/ar\/wp-json\/wp\/v2\/product_tag?post=1067"}],"curies":[{"name":"wp","href":"https:\/\/api.w.org\/{rel}","templated":true}]}}