{"id":16275,"date":"2023-10-10T02:37:37","date_gmt":"2023-10-10T00:37:37","guid":{"rendered":"https:\/\/matierepremierekolea.com\/?post_type=product&#038;p=16275"},"modified":"2026-04-12T09:53:35","modified_gmt":"2026-04-12T07:53:35","slug":"gel-wax-pour-bougie-1kg","status":"publish","type":"product","link":"https:\/\/matierepremierekolea.com\/ar\/product\/gel-wax-pour-bougie-1kg","title":{"rendered":"Gel Wax pour Bougie"},"content":{"rendered":"<p>\ud83d\udd6f\ufe0f Caract\u00e9ristiques : Transparence \u00e9tincelante Facile \u00e0 utiliser Personnalisable \u00e0 souhait<\/p>","protected":false},"excerpt":{"rendered":"<p>\ud83d\udd6f\ufe0f Caract\u00e9ristiques : Transparence \u00e9tincelante Facile \u00e0 utiliser Personnalisable \u00e0 souhait<\/p>","protected":false},"featured_media":16276,"comment_status":"open","ping_status":"closed","template":"","meta":{"_et_pb_use_builder":"","_et_pb_old_content":"","_et_gb_content_width":"","_themeisle_gutenberg_block_has_review":false,"jetpack_publicize_message":"","jetpack_publicize_feature_enabled":true,"jetpack_social_post_already_shared":false,"jetpack_social_options":{"image_generator_settings":{"template":"highway","default_image_id":0,"font":"","enabled":false},"version":2}},"product_brand":[],"product_cat":[19],"product_tag":[],"class_list":{"0":"post-16275","1":"product","2":"type-product","3":"status-publish","4":"has-post-thumbnail","6":"product_cat-produit-de-fabrications-de-bougies","8":"first","9":"outofstock","10":"shipping-taxable","11":"purchasable","12":"product-type-variable"},"aioseo_notices":[],"jetpack_publicize_connections":[],"jetpack_sharing_enabled":true,"_links":{"self":[{"href":"https:\/\/matierepremierekolea.com\/ar\/wp-json\/wp\/v2\/product\/16275","targetHints":{"allow":["GET"]}}],"collection":[{"href":"https:\/\/matierepremierekolea.com\/ar\/wp-json\/wp\/v2\/product"}],"about":[{"href":"https:\/\/matierepremierekolea.com\/ar\/wp-json\/wp\/v2\/types\/product"}],"replies":[{"embeddable":true,"href":"https:\/\/matierepremierekolea.com\/ar\/wp-json\/wp\/v2\/comments?post=16275"}],"wp:featuredmedia":[{"embeddable":true,"href":"https:\/\/matierepremierekolea.com\/ar\/wp-json\/wp\/v2\/media\/16276"}],"wp:attachment":[{"href":"https:\/\/matierepremierekolea.com\/ar\/wp-json\/wp\/v2\/media?parent=16275"}],"wp:term":[{"taxonomy":"product_brand","embeddable":true,"href":"https:\/\/matierepremierekolea.com\/ar\/wp-json\/wp\/v2\/product_brand?post=16275"},{"taxonomy":"product_cat","embeddable":true,"href":"https:\/\/matierepremierekolea.com\/ar\/wp-json\/wp\/v2\/product_cat?post=16275"},{"taxonomy":"product_tag","embeddable":true,"href":"https:\/\/matierepremierekolea.com\/ar\/wp-json\/wp\/v2\/product_tag?post=16275"}],"curies":[{"name":"wp","href":"https:\/\/api.w.org\/{rel}","templated":true}]}}