{"id":21,"date":"2020-07-25T14:43:34","date_gmt":"2020-07-25T12:43:34","guid":{"rendered":"http:\/\/matierepremierekolea.com\/?post_type=product&#038;p=21"},"modified":"2026-02-11T12:48:23","modified_gmt":"2026-02-11T11:48:23","slug":"beurre-de-karite","status":"publish","type":"product","link":"https:\/\/matierepremierekolea.com\/ar\/product\/beurre-de-karite","title":{"rendered":"\u0632\u0628\u062f\u0629 \u0627\u0644\u0634\u064a\u0627 1\u0643\u0644\u063a"},"content":{"rendered":"<p>Beurre de karit\u00e9 (karit\u00e9) est une graisse extrait de la noix de l&rsquo;arbre de karit\u00e9 Africain 100% vegitale . utilisation dans la production de produits de soins de la peau, produits de soins capillaires et savons .<\/p>","protected":false},"excerpt":{"rendered":"<p>Beurre de karit\u00e9 (karit\u00e9) est une graisse extrait de la noix de l&rsquo;arbre de karit\u00e9 Africain 100% vegitale . utilisation dans la production de produits de soins de la peau, produits de soins capillaires et savons .<\/p>","protected":false},"featured_media":23516,"comment_status":"open","ping_status":"closed","template":"","meta":{"_et_pb_use_builder":"","_et_pb_old_content":"","_et_gb_content_width":"","_themeisle_gutenberg_block_has_review":false,"jetpack_publicize_message":"","jetpack_publicize_feature_enabled":true,"jetpack_social_post_already_shared":false,"jetpack_social_options":{"image_generator_settings":{"template":"highway","default_image_id":0,"font":"","enabled":false},"version":2}},"product_brand":[],"product_cat":[16],"product_tag":[17,18],"class_list":{"0":"post-21","1":"product","2":"type-product","3":"status-publish","4":"has-post-thumbnail","6":"product_cat-produit-cosmetique","7":"product_tag-beurre","8":"product_tag-karite","10":"first","11":"outofstock","12":"sale","13":"shipping-taxable","14":"purchasable","15":"product-type-simple"},"aioseo_notices":[],"jetpack_publicize_connections":[],"jetpack_sharing_enabled":true,"_links":{"self":[{"href":"https:\/\/matierepremierekolea.com\/ar\/wp-json\/wp\/v2\/product\/21","targetHints":{"allow":["GET"]}}],"collection":[{"href":"https:\/\/matierepremierekolea.com\/ar\/wp-json\/wp\/v2\/product"}],"about":[{"href":"https:\/\/matierepremierekolea.com\/ar\/wp-json\/wp\/v2\/types\/product"}],"replies":[{"embeddable":true,"href":"https:\/\/matierepremierekolea.com\/ar\/wp-json\/wp\/v2\/comments?post=21"}],"wp:featuredmedia":[{"embeddable":true,"href":"https:\/\/matierepremierekolea.com\/ar\/wp-json\/wp\/v2\/media\/23516"}],"wp:attachment":[{"href":"https:\/\/matierepremierekolea.com\/ar\/wp-json\/wp\/v2\/media?parent=21"}],"wp:term":[{"taxonomy":"product_brand","embeddable":true,"href":"https:\/\/matierepremierekolea.com\/ar\/wp-json\/wp\/v2\/product_brand?post=21"},{"taxonomy":"product_cat","embeddable":true,"href":"https:\/\/matierepremierekolea.com\/ar\/wp-json\/wp\/v2\/product_cat?post=21"},{"taxonomy":"product_tag","embeddable":true,"href":"https:\/\/matierepremierekolea.com\/ar\/wp-json\/wp\/v2\/product_tag?post=21"}],"curies":[{"name":"wp","href":"https:\/\/api.w.org\/{rel}","templated":true}]}}