{"id":263,"date":"2020-08-04T15:59:35","date_gmt":"2020-08-04T13:59:35","guid":{"rendered":"http:\/\/matierepremierekolea.com\/?post_type=product&#038;p=263"},"modified":"2026-03-03T10:35:23","modified_gmt":"2026-03-03T09:35:23","slug":"bicarbonate-de-soduim-1-kg","status":"publish","type":"product","link":"https:\/\/matierepremierekolea.com\/ar\/product\/bicarbonate-de-soduim-1-kg","title":{"rendered":"\u0628\u0643\u0631\u0628\u0648\u0646\u0627\u062a \u0627\u0644\u0635\u0648\u062f\u064a\u0648\u0645 1\u0643\u0644\u063a"},"content":{"rendered":"<p>Le bicarbonate de soude est un produit aux propri\u00e9t\u00e9s \u00e9tonnantes. Qu&rsquo;il sagit de l&rsquo;utilisation du bicarbonate dans l&rsquo;alimentaire ou au quotidien, le bicarbonate fait partie des supers produits \u00e0 avoir absolument chez soi. Il peut \u00eatre utilis\u00e9 \u00e0 la fois dans le domaine pharmaceutique, m\u00e9dical, en nettoyage ou, encore, en \u00e9levage.<\/p>","protected":false},"excerpt":{"rendered":"<p>Le bicarbonate de soude est un produit aux propri\u00e9t\u00e9s \u00e9tonnantes. Qu&rsquo;il sagit de l&rsquo;utilisation du bicarbonate dans l&rsquo;alimentaire ou au quotidien, le bicarbonate fait partie des supers produits \u00e0 avoir absolument chez soi. Il peut \u00eatre utilis\u00e9 \u00e0 la fois dans le domaine pharmaceutique, m\u00e9dical, en nettoyage ou, encore, en \u00e9levage.<\/p>","protected":false},"featured_media":264,"comment_status":"open","ping_status":"closed","template":"","meta":{"_et_pb_use_builder":"","_et_pb_old_content":"","_et_gb_content_width":"","_themeisle_gutenberg_block_has_review":false,"jetpack_publicize_message":"","jetpack_publicize_feature_enabled":true,"jetpack_social_post_already_shared":false,"jetpack_social_options":{"image_generator_settings":{"template":"highway","default_image_id":0,"font":"","enabled":false},"version":2}},"product_brand":[],"product_cat":[16],"product_tag":[],"class_list":{"0":"post-263","1":"product","2":"type-product","3":"status-publish","4":"has-post-thumbnail","6":"product_cat-produit-cosmetique","8":"first","9":"outofstock","10":"shipping-taxable","11":"purchasable","12":"product-type-simple"},"aioseo_notices":[],"jetpack_publicize_connections":[],"jetpack_sharing_enabled":true,"_links":{"self":[{"href":"https:\/\/matierepremierekolea.com\/ar\/wp-json\/wp\/v2\/product\/263","targetHints":{"allow":["GET"]}}],"collection":[{"href":"https:\/\/matierepremierekolea.com\/ar\/wp-json\/wp\/v2\/product"}],"about":[{"href":"https:\/\/matierepremierekolea.com\/ar\/wp-json\/wp\/v2\/types\/product"}],"replies":[{"embeddable":true,"href":"https:\/\/matierepremierekolea.com\/ar\/wp-json\/wp\/v2\/comments?post=263"}],"wp:featuredmedia":[{"embeddable":true,"href":"https:\/\/matierepremierekolea.com\/ar\/wp-json\/wp\/v2\/media\/264"}],"wp:attachment":[{"href":"https:\/\/matierepremierekolea.com\/ar\/wp-json\/wp\/v2\/media?parent=263"}],"wp:term":[{"taxonomy":"product_brand","embeddable":true,"href":"https:\/\/matierepremierekolea.com\/ar\/wp-json\/wp\/v2\/product_brand?post=263"},{"taxonomy":"product_cat","embeddable":true,"href":"https:\/\/matierepremierekolea.com\/ar\/wp-json\/wp\/v2\/product_cat?post=263"},{"taxonomy":"product_tag","embeddable":true,"href":"https:\/\/matierepremierekolea.com\/ar\/wp-json\/wp\/v2\/product_tag?post=263"}],"curies":[{"name":"wp","href":"https:\/\/api.w.org\/{rel}","templated":true}]}}