{"id":3480,"date":"2021-04-13T15:47:28","date_gmt":"2021-04-13T13:47:28","guid":{"rendered":"https:\/\/matierepremierekolea.com\/?post_type=product&#038;p=3480"},"modified":"2026-03-31T15:20:26","modified_gmt":"2026-03-31T13:20:26","slug":"argile-blanche-1kg","status":"publish","type":"product","link":"https:\/\/matierepremierekolea.com\/ar\/product\/argile-blanche-1kg","title":{"rendered":"\u0627\u0644\u0637\u064a\u0646 \u0627\u0644\u0627\u0628\u064a\u0636 1\u0643\u0644\u063a"},"content":{"rendered":"<p>L&rsquo;argile blanche est une argile douce utilis\u00e9e pour ses propri\u00e9t\u00e9s d\u00e9congestionnantes et l\u00e9g\u00e8rement abrasives.<\/p>\n<p>L&rsquo;argile blanche est en parfaite affinit\u00e9 avec les peaux de toutes natures, m\u00eame les plus sensibles. On l&rsquo;utilisera principalement en masque, au service des peaux ternes, manquant d&rsquo;\u00e9clat. Un masque capillaire sera favorable aux cheveux manquant de corps et d&rsquo;\u00e9clat.<\/p>","protected":false},"excerpt":{"rendered":"<p>L&rsquo;argile blanche est une argile douce utilis\u00e9e pour ses propri\u00e9t\u00e9s d\u00e9congestionnantes et l\u00e9g\u00e8rement abrasives. L&rsquo;argile blanche est en parfaite affinit\u00e9 avec les peaux de toutes natures, m\u00eame les plus sensibles. On l&rsquo;utilisera principalement en masque, au service des peaux ternes, manquant d&rsquo;\u00e9clat. Un masque capillaire sera favorable aux cheveux manquant de corps et d&rsquo;\u00e9clat.<\/p>","protected":false},"featured_media":25707,"comment_status":"open","ping_status":"closed","template":"","meta":{"_et_pb_use_builder":"","_et_pb_old_content":"","_et_gb_content_width":"","_themeisle_gutenberg_block_has_review":false,"jetpack_publicize_message":"","jetpack_publicize_feature_enabled":true,"jetpack_social_post_already_shared":false,"jetpack_social_options":{"image_generator_settings":{"template":"highway","default_image_id":0,"font":"","enabled":false},"version":2}},"product_brand":[],"product_cat":[16],"product_tag":[],"class_list":{"0":"post-3480","1":"product","2":"type-product","3":"status-publish","4":"has-post-thumbnail","6":"product_cat-produit-cosmetique","8":"first","9":"instock","10":"shipping-taxable","11":"purchasable","12":"product-type-simple"},"aioseo_notices":[],"jetpack_publicize_connections":[],"jetpack_sharing_enabled":true,"_links":{"self":[{"href":"https:\/\/matierepremierekolea.com\/ar\/wp-json\/wp\/v2\/product\/3480","targetHints":{"allow":["GET"]}}],"collection":[{"href":"https:\/\/matierepremierekolea.com\/ar\/wp-json\/wp\/v2\/product"}],"about":[{"href":"https:\/\/matierepremierekolea.com\/ar\/wp-json\/wp\/v2\/types\/product"}],"replies":[{"embeddable":true,"href":"https:\/\/matierepremierekolea.com\/ar\/wp-json\/wp\/v2\/comments?post=3480"}],"wp:featuredmedia":[{"embeddable":true,"href":"https:\/\/matierepremierekolea.com\/ar\/wp-json\/wp\/v2\/media\/25707"}],"wp:attachment":[{"href":"https:\/\/matierepremierekolea.com\/ar\/wp-json\/wp\/v2\/media?parent=3480"}],"wp:term":[{"taxonomy":"product_brand","embeddable":true,"href":"https:\/\/matierepremierekolea.com\/ar\/wp-json\/wp\/v2\/product_brand?post=3480"},{"taxonomy":"product_cat","embeddable":true,"href":"https:\/\/matierepremierekolea.com\/ar\/wp-json\/wp\/v2\/product_cat?post=3480"},{"taxonomy":"product_tag","embeddable":true,"href":"https:\/\/matierepremierekolea.com\/ar\/wp-json\/wp\/v2\/product_tag?post=3480"}],"curies":[{"name":"wp","href":"https:\/\/api.w.org\/{rel}","templated":true}]}}