{"id":3882,"date":"2021-06-21T16:03:49","date_gmt":"2021-06-21T14:03:49","guid":{"rendered":"https:\/\/matierepremierekolea.com\/?post_type=product&#038;p=3882"},"modified":"2026-01-21T10:10:54","modified_gmt":"2026-01-21T09:10:54","slug":"argile-verte-1kg","status":"publish","type":"product","link":"https:\/\/matierepremierekolea.com\/ar\/product\/argile-verte-1kg","title":{"rendered":"\u0627\u0644\u0637\u064a\u0646 \u0627\u0644\u0627\u062e\u0636\u0631 1\u0643\u0644\u063a"},"content":{"rendered":"<h1>6 BIENFAITS DE L&rsquo;ARGILE VERTE POUR LE VISAGE<\/h1>\n<p class=\"chapo-contenu\"><em class=\"chapo-contenu\">Quand on \u00e9voque les petites imperfections du visage, on pr\u00e9conise les rem\u00e8des naturels, dont l&rsquo;argile verte, reconnue pour ses nombreuses propri\u00e9t\u00e9s. Que ce soit sous forme de masque, ou en poudre, on peut faire confiance \u00e0 ce soin d&rsquo;origine naturelle pour apaiser la peau et l&rsquo;aider \u00e0 cicatriser. D\u00e9couvrez tous les bienfaits de l&rsquo;argile verte !<\/em><\/p>","protected":false},"excerpt":{"rendered":"<p>6 BIENFAITS DE L&rsquo;ARGILE VERTE POUR LE VISAGE Quand on \u00e9voque les petites imperfections du visage, on pr\u00e9conise les rem\u00e8des naturels, dont l&rsquo;argile verte, reconnue pour ses nombreuses propri\u00e9t\u00e9s. Que ce soit sous forme de masque, ou en poudre, on peut faire confiance \u00e0 ce soin d&rsquo;origine naturelle pour apaiser la peau et l&rsquo;aider \u00e0 [&hellip;]<\/p>\n","protected":false},"featured_media":25718,"comment_status":"open","ping_status":"closed","template":"","meta":{"_et_pb_use_builder":"","_et_pb_old_content":"","_et_gb_content_width":"","_themeisle_gutenberg_block_has_review":false,"jetpack_publicize_message":"","jetpack_publicize_feature_enabled":true,"jetpack_social_post_already_shared":false,"jetpack_social_options":{"image_generator_settings":{"template":"highway","default_image_id":0,"font":"","enabled":false},"version":2}},"product_brand":[],"product_cat":[16],"product_tag":[],"class_list":{"0":"post-3882","1":"product","2":"type-product","3":"status-publish","4":"has-post-thumbnail","6":"product_cat-produit-cosmetique","8":"first","9":"outofstock","10":"shipping-taxable","11":"purchasable","12":"product-type-simple"},"aioseo_notices":[],"jetpack_publicize_connections":[],"jetpack_sharing_enabled":true,"_links":{"self":[{"href":"https:\/\/matierepremierekolea.com\/ar\/wp-json\/wp\/v2\/product\/3882","targetHints":{"allow":["GET"]}}],"collection":[{"href":"https:\/\/matierepremierekolea.com\/ar\/wp-json\/wp\/v2\/product"}],"about":[{"href":"https:\/\/matierepremierekolea.com\/ar\/wp-json\/wp\/v2\/types\/product"}],"replies":[{"embeddable":true,"href":"https:\/\/matierepremierekolea.com\/ar\/wp-json\/wp\/v2\/comments?post=3882"}],"wp:featuredmedia":[{"embeddable":true,"href":"https:\/\/matierepremierekolea.com\/ar\/wp-json\/wp\/v2\/media\/25718"}],"wp:attachment":[{"href":"https:\/\/matierepremierekolea.com\/ar\/wp-json\/wp\/v2\/media?parent=3882"}],"wp:term":[{"taxonomy":"product_brand","embeddable":true,"href":"https:\/\/matierepremierekolea.com\/ar\/wp-json\/wp\/v2\/product_brand?post=3882"},{"taxonomy":"product_cat","embeddable":true,"href":"https:\/\/matierepremierekolea.com\/ar\/wp-json\/wp\/v2\/product_cat?post=3882"},{"taxonomy":"product_tag","embeddable":true,"href":"https:\/\/matierepremierekolea.com\/ar\/wp-json\/wp\/v2\/product_tag?post=3882"}],"curies":[{"name":"wp","href":"https:\/\/api.w.org\/{rel}","templated":true}]}}