{"id":4253,"date":"2021-08-06T12:01:56","date_gmt":"2021-08-06T10:01:56","guid":{"rendered":"https:\/\/matierepremierekolea.com\/?post_type=product&#038;p=4253"},"modified":"2025-12-13T10:49:20","modified_gmt":"2025-12-13T09:49:20","slug":"argile-rose-1kg","status":"publish","type":"product","link":"https:\/\/matierepremierekolea.com\/ar\/product\/argile-rose-1kg","title":{"rendered":"\u0627\u0644\u0637\u064a\u0646 \u0627\u0644\u0648\u0631\u062f\u064a 1\u0643\u0644\u063a"},"content":{"rendered":"<p><b>L<\/b>&lsquo;<b>argile rose<\/b>\u00a0absorbe\u00a0<b>l<\/b>&lsquo;exc\u00e8s de s\u00e9bum, matifie la peau et nettoie les impuret\u00e9s. C&rsquo;est un soin purifiant et bonne mine comme\u00a0<b>l<\/b>&lsquo;<b>argile<\/b>\u00a0rouge, mais doux et adapt\u00e9 aux peaux sensibles ou r\u00e9actives comme\u00a0<b>l<\/b>&lsquo;<b>argile<\/b> blanche. Ce qui en fait un excellent masque d\u00e9toxifiant convenant \u00e0 tous les types de peaux, m\u00eame s\u00e8ches. 1KG<\/p>","protected":false},"excerpt":{"rendered":"<p>L&lsquo;argile rose\u00a0absorbe\u00a0l&lsquo;exc\u00e8s de s\u00e9bum, matifie la peau et nettoie les impuret\u00e9s. C&rsquo;est un soin purifiant et bonne mine comme\u00a0l&lsquo;argile\u00a0rouge, mais doux et adapt\u00e9 aux peaux sensibles ou r\u00e9actives comme\u00a0l&lsquo;argile blanche. Ce qui en fait un excellent masque d\u00e9toxifiant convenant \u00e0 tous les types de peaux, m\u00eame s\u00e8ches. 1KG<\/p>","protected":false},"featured_media":0,"comment_status":"open","ping_status":"closed","template":"","meta":{"_et_pb_use_builder":"","_et_pb_old_content":"","_et_gb_content_width":"","_themeisle_gutenberg_block_has_review":false,"jetpack_publicize_message":"","jetpack_publicize_feature_enabled":true,"jetpack_social_post_already_shared":false,"jetpack_social_options":{"image_generator_settings":{"template":"highway","default_image_id":0,"font":"","enabled":false},"version":2}},"product_brand":[],"product_cat":[16],"product_tag":[],"class_list":{"0":"post-4253","1":"product","2":"type-product","3":"status-publish","5":"product_cat-produit-cosmetique","7":"first","8":"outofstock","9":"sale","10":"shipping-taxable","11":"purchasable","12":"product-type-simple"},"aioseo_notices":[],"jetpack_publicize_connections":[],"jetpack_sharing_enabled":true,"_links":{"self":[{"href":"https:\/\/matierepremierekolea.com\/ar\/wp-json\/wp\/v2\/product\/4253","targetHints":{"allow":["GET"]}}],"collection":[{"href":"https:\/\/matierepremierekolea.com\/ar\/wp-json\/wp\/v2\/product"}],"about":[{"href":"https:\/\/matierepremierekolea.com\/ar\/wp-json\/wp\/v2\/types\/product"}],"replies":[{"embeddable":true,"href":"https:\/\/matierepremierekolea.com\/ar\/wp-json\/wp\/v2\/comments?post=4253"}],"wp:attachment":[{"href":"https:\/\/matierepremierekolea.com\/ar\/wp-json\/wp\/v2\/media?parent=4253"}],"wp:term":[{"taxonomy":"product_brand","embeddable":true,"href":"https:\/\/matierepremierekolea.com\/ar\/wp-json\/wp\/v2\/product_brand?post=4253"},{"taxonomy":"product_cat","embeddable":true,"href":"https:\/\/matierepremierekolea.com\/ar\/wp-json\/wp\/v2\/product_cat?post=4253"},{"taxonomy":"product_tag","embeddable":true,"href":"https:\/\/matierepremierekolea.com\/ar\/wp-json\/wp\/v2\/product_tag?post=4253"}],"curies":[{"name":"wp","href":"https:\/\/api.w.org\/{rel}","templated":true}]}}