{"id":4317,"date":"2021-08-15T13:02:59","date_gmt":"2021-08-15T11:02:59","guid":{"rendered":"https:\/\/matierepremierekolea.com\/?post_type=product&#038;p=4317"},"modified":"2026-02-25T12:09:02","modified_gmt":"2026-02-25T11:09:02","slug":"lanoline-200g","status":"publish","type":"product","link":"https:\/\/matierepremierekolea.com\/ar\/product\/lanoline-200g","title":{"rendered":"lanoline gras 100g"},"content":{"rendered":"<p>La\u00a0<b>lanoline<\/b>\u00a0est recommand\u00e9e pour traiter des pathologies telles que les br\u00fblures superficielles, l&rsquo;ecz\u00e9ma ou le psoriasis. Elle neutralise l&rsquo;inflammation et favorise la r\u00e9g\u00e9n\u00e9ration cutan\u00e9e. Si la\u00a0<b>lanoline<\/b>\u00a0est \u00e9galement tr\u00e8s utilis\u00e9e dans les cosm\u00e9tiques, c&rsquo;est pour son effet gras et brillant.<\/p>","protected":false},"excerpt":{"rendered":"<p>La\u00a0lanoline\u00a0est recommand\u00e9e pour traiter des pathologies telles que les br\u00fblures superficielles, l&rsquo;ecz\u00e9ma ou le psoriasis. Elle neutralise l&rsquo;inflammation et favorise la r\u00e9g\u00e9n\u00e9ration cutan\u00e9e. Si la\u00a0lanoline\u00a0est \u00e9galement tr\u00e8s utilis\u00e9e dans les cosm\u00e9tiques, c&rsquo;est pour son effet gras et brillant.<\/p>","protected":false},"featured_media":4318,"comment_status":"open","ping_status":"closed","template":"","meta":{"_et_pb_use_builder":"","_et_pb_old_content":"","_et_gb_content_width":"","_themeisle_gutenberg_block_has_review":false,"jetpack_publicize_message":"","jetpack_publicize_feature_enabled":true,"jetpack_social_post_already_shared":false,"jetpack_social_options":{"image_generator_settings":{"template":"highway","default_image_id":0,"font":"","enabled":false},"version":2}},"product_brand":[],"product_cat":[16],"product_tag":[],"class_list":{"0":"post-4317","1":"product","2":"type-product","3":"status-publish","4":"has-post-thumbnail","6":"product_cat-produit-cosmetique","8":"first","9":"outofstock","10":"shipping-taxable","11":"purchasable","12":"product-type-simple"},"aioseo_notices":[],"jetpack_publicize_connections":[],"jetpack_sharing_enabled":true,"_links":{"self":[{"href":"https:\/\/matierepremierekolea.com\/ar\/wp-json\/wp\/v2\/product\/4317","targetHints":{"allow":["GET"]}}],"collection":[{"href":"https:\/\/matierepremierekolea.com\/ar\/wp-json\/wp\/v2\/product"}],"about":[{"href":"https:\/\/matierepremierekolea.com\/ar\/wp-json\/wp\/v2\/types\/product"}],"replies":[{"embeddable":true,"href":"https:\/\/matierepremierekolea.com\/ar\/wp-json\/wp\/v2\/comments?post=4317"}],"wp:featuredmedia":[{"embeddable":true,"href":"https:\/\/matierepremierekolea.com\/ar\/wp-json\/wp\/v2\/media\/4318"}],"wp:attachment":[{"href":"https:\/\/matierepremierekolea.com\/ar\/wp-json\/wp\/v2\/media?parent=4317"}],"wp:term":[{"taxonomy":"product_brand","embeddable":true,"href":"https:\/\/matierepremierekolea.com\/ar\/wp-json\/wp\/v2\/product_brand?post=4317"},{"taxonomy":"product_cat","embeddable":true,"href":"https:\/\/matierepremierekolea.com\/ar\/wp-json\/wp\/v2\/product_cat?post=4317"},{"taxonomy":"product_tag","embeddable":true,"href":"https:\/\/matierepremierekolea.com\/ar\/wp-json\/wp\/v2\/product_tag?post=4317"}],"curies":[{"name":"wp","href":"https:\/\/api.w.org\/{rel}","templated":true}]}}