{"id":4319,"date":"2021-08-15T13:07:23","date_gmt":"2021-08-15T11:07:23","guid":{"rendered":"https:\/\/matierepremierekolea.com\/?post_type=product&#038;p=4319"},"modified":"2026-02-11T10:25:11","modified_gmt":"2026-02-11T09:25:11","slug":"acide-salicylique-250g","status":"publish","type":"product","link":"https:\/\/matierepremierekolea.com\/ar\/product\/acide-salicylique-250g","title":{"rendered":"acide salicylique 250g"},"content":{"rendered":"<p>L&rsquo;<b>acide salicylique<\/b>\u00a0est utilis\u00e9 en cosm\u00e9tique pour ses propri\u00e9t\u00e9s k\u00e9ratolytique, exfoliante, astringente, r\u00e9g\u00e9n\u00e9rante, antiseptique, anti-inflammatoire. Il joue \u00e9galement un r\u00f4le apaisant pour les peaux sensibles, calme les inflammations des peaux acn\u00e9iques.<\/p>","protected":false},"excerpt":{"rendered":"<p>L&rsquo;acide salicylique\u00a0est utilis\u00e9 en cosm\u00e9tique pour ses propri\u00e9t\u00e9s k\u00e9ratolytique, exfoliante, astringente, r\u00e9g\u00e9n\u00e9rante, antiseptique, anti-inflammatoire. Il joue \u00e9galement un r\u00f4le apaisant pour les peaux sensibles, calme les inflammations des peaux acn\u00e9iques.<\/p>","protected":false},"featured_media":4320,"comment_status":"open","ping_status":"closed","template":"","meta":{"_et_pb_use_builder":"","_et_pb_old_content":"","_et_gb_content_width":"","_themeisle_gutenberg_block_has_review":false,"jetpack_publicize_message":"","jetpack_publicize_feature_enabled":true,"jetpack_social_post_already_shared":false,"jetpack_social_options":{"image_generator_settings":{"template":"highway","default_image_id":0,"font":"","enabled":false},"version":2}},"product_brand":[],"product_cat":[16],"product_tag":[],"class_list":{"0":"post-4319","1":"product","2":"type-product","3":"status-publish","4":"has-post-thumbnail","6":"product_cat-produit-cosmetique","8":"first","9":"outofstock","10":"shipping-taxable","11":"purchasable","12":"product-type-simple"},"aioseo_notices":[],"jetpack_publicize_connections":[],"jetpack_sharing_enabled":true,"_links":{"self":[{"href":"https:\/\/matierepremierekolea.com\/ar\/wp-json\/wp\/v2\/product\/4319","targetHints":{"allow":["GET"]}}],"collection":[{"href":"https:\/\/matierepremierekolea.com\/ar\/wp-json\/wp\/v2\/product"}],"about":[{"href":"https:\/\/matierepremierekolea.com\/ar\/wp-json\/wp\/v2\/types\/product"}],"replies":[{"embeddable":true,"href":"https:\/\/matierepremierekolea.com\/ar\/wp-json\/wp\/v2\/comments?post=4319"}],"wp:featuredmedia":[{"embeddable":true,"href":"https:\/\/matierepremierekolea.com\/ar\/wp-json\/wp\/v2\/media\/4320"}],"wp:attachment":[{"href":"https:\/\/matierepremierekolea.com\/ar\/wp-json\/wp\/v2\/media?parent=4319"}],"wp:term":[{"taxonomy":"product_brand","embeddable":true,"href":"https:\/\/matierepremierekolea.com\/ar\/wp-json\/wp\/v2\/product_brand?post=4319"},{"taxonomy":"product_cat","embeddable":true,"href":"https:\/\/matierepremierekolea.com\/ar\/wp-json\/wp\/v2\/product_cat?post=4319"},{"taxonomy":"product_tag","embeddable":true,"href":"https:\/\/matierepremierekolea.com\/ar\/wp-json\/wp\/v2\/product_tag?post=4319"}],"curies":[{"name":"wp","href":"https:\/\/api.w.org\/{rel}","templated":true}]}}