{"id":4321,"date":"2021-08-15T20:36:08","date_gmt":"2021-08-15T18:36:08","guid":{"rendered":"https:\/\/matierepremierekolea.com\/?post_type=product&#038;p=4321"},"modified":"2026-01-25T14:12:18","modified_gmt":"2026-01-25T13:12:18","slug":"la-soude-caustique-1kg","status":"publish","type":"product","link":"https:\/\/matierepremierekolea.com\/ar\/product\/la-soude-caustique-1kg","title":{"rendered":"NAOH (soude caustique )1kg"},"content":{"rendered":"<p><span class=\"ILfuVd\"><span class=\"hgKElc\"><b>\u062a\u0639\u0631\u0641 \u0627\u0644\u0635\u0648\u062f\u0627 \u0627\u0644\u0643\u0627\u0648\u064a\u0629 \u0628\u0633\u0628\u0628 \u0634\u0643\u0644\u0647\u0627 \u0634\u0627\u0626\u0639\u060c \u0641\u0647\u064a \u0639\u0628\u0627\u0631\u0629 \u0639\u0646 \u0643\u062a\u0644 \u0635\u063a\u064a\u0631\u0629 \u0628\u064a\u0636\u0627\u0621 \u0627\u0644\u0644\u0648\u0646 \u062a\u062a\u062e\u0630 \u0645\u0644\u0645\u0633 \u0634\u0645\u0639\u064a\u060c \u0648\u0645\u0646 \u062e\u0648\u0627\u0635\u0647\u0627 \u0623\u064a\u0636\u064b\u0627 \u0623\u0646\u0647 \u062a\u0630\u0648\u0628 \u062f\u0627\u062e\u0644 \u0627\u0644\u0645\u0627\u0621 \u0628\u0627\u0644\u0633\u0647\u0648\u0644\u0629\u060c \u0641\u0647\u064a \u0633\u0631\u064a\u0639\u0629 \u0627\u0644\u0627\u0645\u062a\u0635\u0627\u0635 \u0644\u0630\u0644\u0643 \u0645\u0645\u0643\u0646 \u0623\u0646 \u0646\u0642\u0648\u0645 \u0628\u0635\u0646\u0639 \u0645\u062d\u0627\u0644\u064a\u0644 \u0643\u064a\u0645\u064a\u0627\u0626\u064a\u0629 \u0645\u0646 \u062e\u0644\u0627\u0644\u0647\u0627 \u0635\u0646\u0627\u0639\u0629 \u0627\u0644\u0635\u0627\u0628\u0648\u0646<\/b>1\u00a0<b>\u062a\u0639\u0631\u0641 \u0627\u0644\u0635\u0648\u062f\u0627 \u0627\u0644\u0643\u0627\u0648\u064a\u0629 \u0628\u0633\u0628\u0628 \u0634\u0643\u0644\u0647\u0627 \u0634\u0627\u0626\u0639\u060c \u0641\u0647\u064a \u0639\u0628\u0627\u0631\u0629 \u0639\u0646 \u0643\u062a\u0644 \u0635\u063a\u064a\u0631\u0629 \u0628\u064a\u0636\u0627\u0621 \u0627\u0644\u0644\u0648\u0646 \u062a\u062a\u062e\u0630 \u0645\u0644\u0645\u0633 \u0634\u0645\u0639\u064a\u060c \u0648\u0645\u0646 \u062e\u0648\u0627\u0635\u0647\u0627 \u0623\u064a\u0636\u064b\u0627 \u0623\u0646\u0647 \u062a\u0630\u0648\u0628 \u062f\u0627\u062e\u0644 \u0627\u0644\u0645\u0627\u0621 \u0628\u0627\u0644\u0633\u0647\u0648\u0644\u0629\u060c \u0641\u0647\u064a \u0633\u0631\u064a\u0639\u0629 \u0627\u0644\u0627\u0645\u062a\u0635\u0627\u0635 \u0644\u0630\u0644\u0643 \u0645\u0645\u0643\u0646 \u0623\u0646 \u0646\u0642\u0648\u0645 \u0628\u0635\u0646\u0639 \u0645\u062d\u0627\u0644\u064a\u0644 \u0643\u064a\u0645\u064a\u0627\u0626\u064a\u0629 \u0645\u0646 \u062e\u0644\u0627\u0644\u0647\u0627 \u0635\u0646\u0627\u0639\u0629 \u0627\u0644\u0635\u0627\u0628\u0648\u0646<\/b>1\u0643\u0644\u063a<\/span><\/span><\/p>","protected":false},"excerpt":{"rendered":"<p>La soude caustique, un produit chimique \u00e0 la base de vos transformations.\u00a0La soude caustique, aussi connue sous le nom d&rsquo;hydroxyde de sodium, est une base tr\u00e8s puissante et tr\u00e8s polyvalente. C&rsquo;est un produit chimique tr\u00e8s populaire en raison de sa grande basicit\u00e9 permettant un bon contr\u00f4le du ph . 1kg<\/p>","protected":false},"featured_media":4322,"comment_status":"open","ping_status":"closed","template":"","meta":{"_et_pb_use_builder":"","_et_pb_old_content":"","_et_gb_content_width":"","_themeisle_gutenberg_block_has_review":false,"jetpack_publicize_message":"","jetpack_publicize_feature_enabled":true,"jetpack_social_post_already_shared":false,"jetpack_social_options":{"image_generator_settings":{"template":"highway","default_image_id":0,"font":"","enabled":false},"version":2}},"product_brand":[],"product_cat":[16],"product_tag":[],"class_list":{"0":"post-4321","1":"product","2":"type-product","3":"status-publish","4":"has-post-thumbnail","6":"product_cat-produit-cosmetique","8":"first","9":"instock","10":"shipping-taxable","11":"purchasable","12":"product-type-simple"},"aioseo_notices":[],"jetpack_publicize_connections":[],"jetpack_sharing_enabled":true,"_links":{"self":[{"href":"https:\/\/matierepremierekolea.com\/ar\/wp-json\/wp\/v2\/product\/4321","targetHints":{"allow":["GET"]}}],"collection":[{"href":"https:\/\/matierepremierekolea.com\/ar\/wp-json\/wp\/v2\/product"}],"about":[{"href":"https:\/\/matierepremierekolea.com\/ar\/wp-json\/wp\/v2\/types\/product"}],"replies":[{"embeddable":true,"href":"https:\/\/matierepremierekolea.com\/ar\/wp-json\/wp\/v2\/comments?post=4321"}],"wp:featuredmedia":[{"embeddable":true,"href":"https:\/\/matierepremierekolea.com\/ar\/wp-json\/wp\/v2\/media\/4322"}],"wp:attachment":[{"href":"https:\/\/matierepremierekolea.com\/ar\/wp-json\/wp\/v2\/media?parent=4321"}],"wp:term":[{"taxonomy":"product_brand","embeddable":true,"href":"https:\/\/matierepremierekolea.com\/ar\/wp-json\/wp\/v2\/product_brand?post=4321"},{"taxonomy":"product_cat","embeddable":true,"href":"https:\/\/matierepremierekolea.com\/ar\/wp-json\/wp\/v2\/product_cat?post=4321"},{"taxonomy":"product_tag","embeddable":true,"href":"https:\/\/matierepremierekolea.com\/ar\/wp-json\/wp\/v2\/product_tag?post=4321"}],"curies":[{"name":"wp","href":"https:\/\/api.w.org\/{rel}","templated":true}]}}