{"id":4631,"date":"2021-09-14T19:54:08","date_gmt":"2021-09-14T17:54:08","guid":{"rendered":"https:\/\/matierepremierekolea.com\/?post_type=product&#038;p=4631"},"modified":"2026-03-04T13:35:57","modified_gmt":"2026-03-04T12:35:57","slug":"mica-noir-20-g","status":"publish","type":"product","link":"https:\/\/matierepremierekolea.com\/ar\/product\/mica-noir-20-g","title":{"rendered":"MICA NOIR"},"content":{"rendered":"<div><strong data-spm-anchor-id=\"a2g0o.detail.1000023.i0.6ff32982cR3KBW\">Description du produit:<\/strong><\/div>\n<div><strong>Les pigments nacr\u00e9s sont des pigments naturels qui produisent des perles m\u00e9talliques recouvertes d&rsquo;oxydes m\u00e9talliques et qui peuvent reproduire la couleur magnifique des perles naturelles, des coquillages, des coraux et des m\u00e9taux. Micro-transparent, points plats, en fonction de la r\u00e9fraction de la lumi\u00e8re, de la r\u00e9flexion, de la transmission pour montrer la couleur et la lumi\u00e8re.<\/strong><\/div>\n<div><\/div>\n<div><strong>Les pigments nacr\u00e9s sont non toxiques, r\u00e9sistants aux hautes temp\u00e9ratures, r\u00e9sistants \u00e0 la lumi\u00e8re, aux acides et aux alcalis, combustion non spontan\u00e9e, non-combustion, non conducteur, non conducteur, peut r\u00e9pondre \u00e0 la peinture, au plastique, \u00e0 l&rsquo;encre, au cuir, \u00e0 l&rsquo;impression et \u00e0 la teinture, au caoutchouc, au papier, aux cosm\u00e9tiques et \u00e0 d&rsquo;autres industries, Pour que l&rsquo;apparence de ces industries soit plus brillante et lumineuse, .<\/strong><\/div>\n<div><\/div>\n<div><strong data-spm-anchor-id=\"a2g0o.detail.1000023.i1.6ff32982cR3KBW\">Les pigments nacr\u00e9s sont m\u00e9lang\u00e9s avec les mat\u00e9riaux plus transparents, le plus beau lustre perl\u00e9 peut \u00eatre produit, peut \u00e9galement \u00eatre m\u00e9lang\u00e9 avec des pigments transparents ou des colorants pour obtenir la teinte appropri\u00e9e, mais il faut \u00e9viter l&rsquo;utilisation d&rsquo;ingr\u00e9dients opaques ou de peinture forte, tels que le dioxyde de titane, l&rsquo;oxyde de fer et d&rsquo;autres pigments, Pour ne pas affecter l&rsquo;effet perle. Des s\u00e9ries de couleurs de pigments nacr\u00e9s peuvent \u00eatre produites en fonction de la couleur des diff\u00e9rents brillants de perles.<\/strong><\/div>\n<div><\/div>\n<div><strong>Les pigments nacr\u00e9s sont des pigments \u00e9cologiques fonctionnels non m\u00e9talliques, approvisionnement en poudre s\u00e8che \u00e0 100%, facile \u00e0 disperser uniform\u00e9ment. Selon la taille des particules et il existe de nombreux produits diff\u00e9rents, alors que la taille de la taille peut affecter le lustre nacr\u00e9, grand lustre nacr\u00e9 plus de scintillement, couverture plus fonc\u00e9e, la petite taille du lustre doux en satin, et une meilleure force de couverture<\/strong><\/div>","protected":false},"excerpt":{"rendered":"<p>Description du produit: Les pigments nacr\u00e9s sont des pigments naturels qui produisent des perles m\u00e9talliques recouvertes d&rsquo;oxydes m\u00e9talliques et qui peuvent reproduire la couleur magnifique des perles naturelles, des coquillages, des coraux et des m\u00e9taux. Micro-transparent, points plats, en fonction de la r\u00e9fraction de la lumi\u00e8re, de la r\u00e9flexion, de la transmission pour montrer la [&hellip;]<\/p>\n","protected":false},"featured_media":4632,"comment_status":"open","ping_status":"closed","template":"","meta":{"_et_pb_use_builder":"","_et_pb_old_content":"","_et_gb_content_width":"","_themeisle_gutenberg_block_has_review":false,"jetpack_publicize_message":"","jetpack_publicize_feature_enabled":true,"jetpack_social_post_already_shared":false,"jetpack_social_options":{"image_generator_settings":{"template":"highway","default_image_id":0,"font":"","enabled":false},"version":2}},"product_brand":[],"product_cat":[15,43,44],"product_tag":[],"class_list":{"0":"post-4631","1":"product","2":"type-product","3":"status-publish","4":"has-post-thumbnail","6":"product_cat-colorant-bougie","7":"product_cat-colorant-mica","8":"product_cat-mica","10":"first","11":"instock","12":"shipping-taxable","13":"purchasable","14":"product-type-variable"},"aioseo_notices":[],"jetpack_publicize_connections":[],"jetpack_sharing_enabled":true,"_links":{"self":[{"href":"https:\/\/matierepremierekolea.com\/ar\/wp-json\/wp\/v2\/product\/4631","targetHints":{"allow":["GET"]}}],"collection":[{"href":"https:\/\/matierepremierekolea.com\/ar\/wp-json\/wp\/v2\/product"}],"about":[{"href":"https:\/\/matierepremierekolea.com\/ar\/wp-json\/wp\/v2\/types\/product"}],"replies":[{"embeddable":true,"href":"https:\/\/matierepremierekolea.com\/ar\/wp-json\/wp\/v2\/comments?post=4631"}],"wp:featuredmedia":[{"embeddable":true,"href":"https:\/\/matierepremierekolea.com\/ar\/wp-json\/wp\/v2\/media\/4632"}],"wp:attachment":[{"href":"https:\/\/matierepremierekolea.com\/ar\/wp-json\/wp\/v2\/media?parent=4631"}],"wp:term":[{"taxonomy":"product_brand","embeddable":true,"href":"https:\/\/matierepremierekolea.com\/ar\/wp-json\/wp\/v2\/product_brand?post=4631"},{"taxonomy":"product_cat","embeddable":true,"href":"https:\/\/matierepremierekolea.com\/ar\/wp-json\/wp\/v2\/product_cat?post=4631"},{"taxonomy":"product_tag","embeddable":true,"href":"https:\/\/matierepremierekolea.com\/ar\/wp-json\/wp\/v2\/product_tag?post=4631"}],"curies":[{"name":"wp","href":"https:\/\/api.w.org\/{rel}","templated":true}]}}