{"id":508,"date":"2020-08-13T22:01:26","date_gmt":"2020-08-13T20:01:26","guid":{"rendered":"http:\/\/matierepremierekolea.com\/?post_type=product&#038;p=508"},"modified":"2025-10-21T17:00:32","modified_gmt":"2025-10-21T15:00:32","slug":"vitamin-e-100ml","status":"publish","type":"product","link":"https:\/\/matierepremierekolea.com\/ar\/product\/vitamin-e-100ml","title":{"rendered":"VITAMIN (E)"},"content":{"rendered":"<p><strong>La vitamine E est apport\u00e9e \u00e0 l\u2019organisme par l\u2019alimentation, car le corps ne peut pas la produire, comme pour la grande majorit\u00e9 des vitamines (sauf D et K synth\u00e9tis\u00e9es directement). Elle est pr\u00e9sente dans le jaune d\u2019\u0153uf, les ol\u00e9agineux, l\u2019avocat, les l\u00e9gumes \u00e0 feuilles vertes, les tomates, les c\u00e9r\u00e9ales compl\u00e8tes et les huiles v\u00e9g\u00e9tales. Vitamine liposoluble, la vitamine E a une action protectrice sur les cellules graisseuses. Tr\u00e8s utile \u00e0 la peau, elle a une action antioxydante sur les cellules et des effets anti-inflammatoires importants dans la lutte contre le vieillissement. Parall\u00e8lement, elle est souvent utilis\u00e9e comme conservateur naturel dans les formules cosm\u00e9tiques.<\/strong><\/p>","protected":false},"excerpt":{"rendered":"<p>La vitamine E est apport\u00e9e \u00e0 l\u2019organisme par l\u2019alimentation, car le corps ne peut pas la produire, comme pour la grande majorit\u00e9 des vitamines (sauf D et K synth\u00e9tis\u00e9es directement). Elle est pr\u00e9sente dans le jaune d\u2019\u0153uf, les ol\u00e9agineux, l\u2019avocat, les l\u00e9gumes \u00e0 feuilles vertes, les tomates, les c\u00e9r\u00e9ales compl\u00e8tes et les huiles v\u00e9g\u00e9tales. Vitamine [&hellip;]<\/p>\n","protected":false},"featured_media":510,"comment_status":"open","ping_status":"closed","template":"","meta":{"_et_pb_use_builder":"","_et_pb_old_content":"","_et_gb_content_width":"","_themeisle_gutenberg_block_has_review":false,"jetpack_publicize_message":"","jetpack_publicize_feature_enabled":true,"jetpack_social_post_already_shared":false,"jetpack_social_options":{"image_generator_settings":{"template":"highway","default_image_id":0,"font":"","enabled":false},"version":2}},"product_brand":[],"product_cat":[16],"product_tag":[],"class_list":{"0":"post-508","1":"product","2":"type-product","3":"status-publish","4":"has-post-thumbnail","6":"product_cat-produit-cosmetique","8":"first","9":"instock","10":"shipping-taxable","11":"purchasable","12":"product-type-variable"},"aioseo_notices":[],"jetpack_publicize_connections":[],"jetpack_sharing_enabled":true,"_links":{"self":[{"href":"https:\/\/matierepremierekolea.com\/ar\/wp-json\/wp\/v2\/product\/508","targetHints":{"allow":["GET"]}}],"collection":[{"href":"https:\/\/matierepremierekolea.com\/ar\/wp-json\/wp\/v2\/product"}],"about":[{"href":"https:\/\/matierepremierekolea.com\/ar\/wp-json\/wp\/v2\/types\/product"}],"replies":[{"embeddable":true,"href":"https:\/\/matierepremierekolea.com\/ar\/wp-json\/wp\/v2\/comments?post=508"}],"wp:featuredmedia":[{"embeddable":true,"href":"https:\/\/matierepremierekolea.com\/ar\/wp-json\/wp\/v2\/media\/510"}],"wp:attachment":[{"href":"https:\/\/matierepremierekolea.com\/ar\/wp-json\/wp\/v2\/media?parent=508"}],"wp:term":[{"taxonomy":"product_brand","embeddable":true,"href":"https:\/\/matierepremierekolea.com\/ar\/wp-json\/wp\/v2\/product_brand?post=508"},{"taxonomy":"product_cat","embeddable":true,"href":"https:\/\/matierepremierekolea.com\/ar\/wp-json\/wp\/v2\/product_cat?post=508"},{"taxonomy":"product_tag","embeddable":true,"href":"https:\/\/matierepremierekolea.com\/ar\/wp-json\/wp\/v2\/product_tag?post=508"}],"curies":[{"name":"wp","href":"https:\/\/api.w.org\/{rel}","templated":true}]}}