{"id":514,"date":"2020-08-13T22:43:47","date_gmt":"2020-08-13T20:43:47","guid":{"rendered":"http:\/\/matierepremierekolea.com\/?post_type=product&#038;p=514"},"modified":"2024-11-09T04:34:45","modified_gmt":"2024-11-09T03:34:45","slug":"tri-ethanolamine-1kg","status":"publish","type":"product","link":"https:\/\/matierepremierekolea.com\/ar\/product\/tri-ethanolamine-1kg","title":{"rendered":"TRI \u00c9THANOLAMINE  (TEA bas neutralisant)"},"content":{"rendered":"<p>La tri\u00e9thanolamine, \u00e9galement appel\u00e9e TEA, est un agent de surface synth\u00e9tique utilis\u00e9 dans les produits cosm\u00e9tiques et pharmaceutiques comme \u00e9mulsifiant et stabilisateur de pH. C\u2019est une substance tr\u00e8s alcaline, form\u00e9e par la r\u00e9action de l\u2019oxyde d\u2019\u00e9thyl\u00e8ne et de l\u2019ammoniac.<\/p>","protected":false},"excerpt":{"rendered":"<p>La tri\u00e9thanolamine, \u00e9galement appel\u00e9e TEA, est un agent de surface synth\u00e9tique utilis\u00e9 dans les produits cosm\u00e9tiques et pharmaceutiques comme \u00e9mulsifiant et stabilisateur de pH. C\u2019est une substance tr\u00e8s alcaline, form\u00e9e par la r\u00e9action de l\u2019oxyde d\u2019\u00e9thyl\u00e8ne et de l\u2019ammoniac.<\/p>","protected":false},"featured_media":516,"comment_status":"open","ping_status":"closed","template":"","meta":{"_et_pb_use_builder":"","_et_pb_old_content":"","_et_gb_content_width":"","_themeisle_gutenberg_block_has_review":false,"jetpack_publicize_message":"","jetpack_publicize_feature_enabled":true,"jetpack_social_post_already_shared":false,"jetpack_social_options":{"image_generator_settings":{"template":"highway","default_image_id":0,"font":"","enabled":false},"version":2}},"product_brand":[],"product_cat":[16],"product_tag":[],"class_list":{"0":"post-514","1":"product","2":"type-product","3":"status-publish","4":"has-post-thumbnail","6":"product_cat-produit-cosmetique","8":"first","9":"outofstock","10":"shipping-taxable","11":"purchasable","12":"product-type-variable"},"aioseo_notices":[],"jetpack_publicize_connections":[],"jetpack_sharing_enabled":true,"_links":{"self":[{"href":"https:\/\/matierepremierekolea.com\/ar\/wp-json\/wp\/v2\/product\/514","targetHints":{"allow":["GET"]}}],"collection":[{"href":"https:\/\/matierepremierekolea.com\/ar\/wp-json\/wp\/v2\/product"}],"about":[{"href":"https:\/\/matierepremierekolea.com\/ar\/wp-json\/wp\/v2\/types\/product"}],"replies":[{"embeddable":true,"href":"https:\/\/matierepremierekolea.com\/ar\/wp-json\/wp\/v2\/comments?post=514"}],"wp:featuredmedia":[{"embeddable":true,"href":"https:\/\/matierepremierekolea.com\/ar\/wp-json\/wp\/v2\/media\/516"}],"wp:attachment":[{"href":"https:\/\/matierepremierekolea.com\/ar\/wp-json\/wp\/v2\/media?parent=514"}],"wp:term":[{"taxonomy":"product_brand","embeddable":true,"href":"https:\/\/matierepremierekolea.com\/ar\/wp-json\/wp\/v2\/product_brand?post=514"},{"taxonomy":"product_cat","embeddable":true,"href":"https:\/\/matierepremierekolea.com\/ar\/wp-json\/wp\/v2\/product_cat?post=514"},{"taxonomy":"product_tag","embeddable":true,"href":"https:\/\/matierepremierekolea.com\/ar\/wp-json\/wp\/v2\/product_tag?post=514"}],"curies":[{"name":"wp","href":"https:\/\/api.w.org\/{rel}","templated":true}]}}