{"id":841,"date":"2020-09-14T21:53:13","date_gmt":"2020-09-14T19:53:13","guid":{"rendered":"https:\/\/matierepremierekolea.com\/?post_type=product&#038;p=841"},"modified":"2025-10-13T16:39:59","modified_gmt":"2025-10-13T14:39:59","slug":"oxyde-de-titanium-500g","status":"publish","type":"product","link":"https:\/\/matierepremierekolea.com\/ar\/product\/oxyde-de-titanium-500g","title":{"rendered":"OXiDE DE TITANIUM  500G"},"content":{"rendered":"<div class=\"mod\" lang=\"fr-DZ\" data-md=\"50\" data-hveid=\"CBAQAA\" data-ved=\"2ahUKEwi05O_ItOnrAhUDyFkKHTHXDFsQkCkwDHoECBAQAA\">\n<div class=\"PZPZlf hb8SAc\" data-attrid=\"description\" data-hveid=\"CBAQAQ\" data-ved=\"2ahUKEwi05O_ItOnrAhUDyFkKHTHXDFsQziAoADAMegQIEBAB\">\n<div>\n<div class=\"kno-rdesc\">\n<div>Le dioxyde de titane ou oxyde de titane (IV) est un compos\u00e9 d&rsquo;oxyg\u00e8ne et de titane de formule TiO\u2082 pr\u00e9sent dans la nature, et fabriqu\u00e9 industriellement. Le dioxyde de titane est le pigment blanc PW6 du Colour Index, utilis\u00e9 aussi fr\u00e9quemment comme opacifiant pour les peintures et de nombreux autres produits.\u00a0<a class=\"q ruhjFe NJLBac fl\" href=\"https:\/\/fr.wikipedia.org\/wiki\/Dioxyde_de_titane\" data-ved=\"2ahUKEwi05O_ItOnrAhUDyFkKHTHXDFsQmhMwDHoECBAQAg\">Wikip\u00e9dia<\/a><\/div>\n<\/div>\n<\/div>\n<\/div>\n<\/div>\n<div class=\"mod\" lang=\"fr-DZ\" data-attrid=\"kc:\/chemistry\/chemical_compound:formula\" data-md=\"1001\" data-hveid=\"CBUQAA\" data-ved=\"2ahUKEwi05O_ItOnrAhUDyFkKHTHXDFsQkCkwDXoECBUQAA\">\n<div class=\"Z1hOCe\">\n<div class=\"zloOqf PZPZlf\" data-ved=\"2ahUKEwi05O_ItOnrAhUDyFkKHTHXDFsQyxMoADANegQIFRAB\"><span class=\"w8qArf\"><a class=\"fl\" href=\"https:\/\/www.google.com\/search?sa=X&amp;bih=632&amp;biw=1458&amp;hl=fr&amp;sxsrf=ALeKk00LyMgnt1RWOuUuCUXlLMCTTFPsRw:1600112767535&amp;q=dioxyde+de+titane+formule&amp;stick=H4sIAAAAAAAAAOPgE-LUz9U3MEw3zjDVUs9OttJPzkjNzSwuKaqEsJITc-KT83ML8kvzUqzS8otyS3MSF7FKpmTmV1SmpCoAUUlmSWJeqgJELhUACBPjElIAAAA&amp;ved=2ahUKEwi05O_ItOnrAhUDyFkKHTHXDFsQ6BMoADANegQIFRAC\" data-ved=\"2ahUKEwi05O_ItOnrAhUDyFkKHTHXDFsQ6BMoADANegQIFRAC\">Formule<\/a>\u00a0:\u00a0<\/span><span class=\"LrzXr kno-fv\">TiO<sub>2<\/sub><\/span><\/div>\n<\/div>\n<\/div>","protected":false},"excerpt":{"rendered":"<p>Le dioxyde de titane ou oxyde de titane (IV) est un compos\u00e9 d&rsquo;oxyg\u00e8ne et de titane de formule TiO\u2082 pr\u00e9sent dans la nature, et fabriqu\u00e9 industriellement. Le dioxyde de titane est le pigment blanc PW6 du Colour Index, utilis\u00e9 aussi fr\u00e9quemment comme opacifiant pour les peintures et de nombreux autres produits.\u00a0Wikip\u00e9dia Formule\u00a0:\u00a0TiO2<\/p>","protected":false},"featured_media":842,"comment_status":"open","ping_status":"closed","template":"","meta":{"_et_pb_use_builder":"","_et_pb_old_content":"","_et_gb_content_width":"","_themeisle_gutenberg_block_has_review":false,"jetpack_publicize_message":"","jetpack_publicize_feature_enabled":true,"jetpack_social_post_already_shared":false,"jetpack_social_options":{"image_generator_settings":{"template":"highway","default_image_id":0,"font":"","enabled":false},"version":2}},"product_brand":[],"product_cat":[16],"product_tag":[],"class_list":{"0":"post-841","1":"product","2":"type-product","3":"status-publish","4":"has-post-thumbnail","6":"product_cat-produit-cosmetique","8":"first","9":"instock","10":"shipping-taxable","11":"purchasable","12":"product-type-simple"},"aioseo_notices":[],"jetpack_publicize_connections":[],"jetpack_sharing_enabled":true,"_links":{"self":[{"href":"https:\/\/matierepremierekolea.com\/ar\/wp-json\/wp\/v2\/product\/841","targetHints":{"allow":["GET"]}}],"collection":[{"href":"https:\/\/matierepremierekolea.com\/ar\/wp-json\/wp\/v2\/product"}],"about":[{"href":"https:\/\/matierepremierekolea.com\/ar\/wp-json\/wp\/v2\/types\/product"}],"replies":[{"embeddable":true,"href":"https:\/\/matierepremierekolea.com\/ar\/wp-json\/wp\/v2\/comments?post=841"}],"wp:featuredmedia":[{"embeddable":true,"href":"https:\/\/matierepremierekolea.com\/ar\/wp-json\/wp\/v2\/media\/842"}],"wp:attachment":[{"href":"https:\/\/matierepremierekolea.com\/ar\/wp-json\/wp\/v2\/media?parent=841"}],"wp:term":[{"taxonomy":"product_brand","embeddable":true,"href":"https:\/\/matierepremierekolea.com\/ar\/wp-json\/wp\/v2\/product_brand?post=841"},{"taxonomy":"product_cat","embeddable":true,"href":"https:\/\/matierepremierekolea.com\/ar\/wp-json\/wp\/v2\/product_cat?post=841"},{"taxonomy":"product_tag","embeddable":true,"href":"https:\/\/matierepremierekolea.com\/ar\/wp-json\/wp\/v2\/product_tag?post=841"}],"curies":[{"name":"wp","href":"https:\/\/api.w.org\/{rel}","templated":true}]}}