{"id":28903,"date":"2026-04-15T12:23:58","date_gmt":"2026-04-15T10:23:58","guid":{"rendered":"https:\/\/matierepremierekolea.com\/?post_type=product&#038;p=28903"},"modified":"2026-04-15T13:08:00","modified_gmt":"2026-04-15T11:08:00","slug":"beurre-de-karite-raffinee-250g","status":"publish","type":"product","link":"https:\/\/matierepremierekolea.com\/fr_fr\/produit\/beurre-de-karite-raffinee-250g","title":{"rendered":"beurre de karit\u00e9 raffin\u00e9e 250g"},"content":{"rendered":"<p>Beurre de karit\u00e9 (karit\u00e9) est une graisse extrait de la noix de l\u2019arbre de karit\u00e9 Africain 100% vegitale . utilisation dans la production de produits de soins de la peau, produits de soins capillaires et savons .<\/p>\n","protected":false},"excerpt":{"rendered":"<p>Beurre de karit\u00e9 (karit\u00e9) est une graisse extrait de la noix de l\u2019arbre de karit\u00e9 Africain 100% vegitale . utilisation dans la production de produits de soins de la peau, produits de soins capillaires et savons .<\/p>\n","protected":false},"featured_media":23516,"comment_status":"open","ping_status":"closed","template":"","meta":{"_et_pb_use_builder":"","_et_pb_old_content":"","_et_gb_content_width":"","_themeisle_gutenberg_block_has_review":false,"jetpack_publicize_message":"","jetpack_publicize_feature_enabled":true,"jetpack_social_post_already_shared":true,"jetpack_social_options":{"image_generator_settings":{"template":"highway","default_image_id":0,"font":"","enabled":false},"version":2}},"product_brand":[],"product_cat":[16],"product_tag":[],"class_list":{"0":"post-28903","1":"product","2":"type-product","3":"status-publish","4":"has-post-thumbnail","6":"product_cat-produit-cosmetique","8":"first","9":"instock","10":"shipping-taxable","11":"purchasable","12":"product-type-simple"},"aioseo_notices":[],"jetpack_publicize_connections":[],"jetpack_sharing_enabled":true,"_links":{"self":[{"href":"https:\/\/matierepremierekolea.com\/fr_fr\/wp-json\/wp\/v2\/product\/28903","targetHints":{"allow":["GET"]}}],"collection":[{"href":"https:\/\/matierepremierekolea.com\/fr_fr\/wp-json\/wp\/v2\/product"}],"about":[{"href":"https:\/\/matierepremierekolea.com\/fr_fr\/wp-json\/wp\/v2\/types\/product"}],"replies":[{"embeddable":true,"href":"https:\/\/matierepremierekolea.com\/fr_fr\/wp-json\/wp\/v2\/comments?post=28903"}],"wp:featuredmedia":[{"embeddable":true,"href":"https:\/\/matierepremierekolea.com\/fr_fr\/wp-json\/wp\/v2\/media\/23516"}],"wp:attachment":[{"href":"https:\/\/matierepremierekolea.com\/fr_fr\/wp-json\/wp\/v2\/media?parent=28903"}],"wp:term":[{"taxonomy":"product_brand","embeddable":true,"href":"https:\/\/matierepremierekolea.com\/fr_fr\/wp-json\/wp\/v2\/product_brand?post=28903"},{"taxonomy":"product_cat","embeddable":true,"href":"https:\/\/matierepremierekolea.com\/fr_fr\/wp-json\/wp\/v2\/product_cat?post=28903"},{"taxonomy":"product_tag","embeddable":true,"href":"https:\/\/matierepremierekolea.com\/fr_fr\/wp-json\/wp\/v2\/product_tag?post=28903"}],"curies":[{"name":"wp","href":"https:\/\/api.w.org\/{rel}","templated":true}]}}