{"id":4321,"date":"2021-08-15T20:36:08","date_gmt":"2021-08-15T18:36:08","guid":{"rendered":"https:\/\/matierepremierekolea.com\/?post_type=product&#038;p=4321"},"modified":"2026-01-25T14:12:18","modified_gmt":"2026-01-25T13:12:18","slug":"la-soude-caustique-1kg","status":"publish","type":"product","link":"https:\/\/matierepremierekolea.com\/fr_fr\/produit\/la-soude-caustique-1kg","title":{"rendered":"NAOH (soude caustique )1kg"},"content":{"rendered":"<p><span class=\"ILfuVd\"><span class=\"hgKElc\"><b>La soude caustique<\/b>, un produit chimique \u00e0 la base de vos transformations.\u00a0<b>La soude caustique<\/b>, aussi connue sous le nom d&rsquo;hydroxyde de sodium, est une base tr\u00e8s puissante et tr\u00e8s polyvalente. C&rsquo;est un produit chimique tr\u00e8s populaire en raison de sa grande basicit\u00e9 permettant un bon contr\u00f4le du ph . 1kg<\/span><\/span><\/p>\n","protected":false},"excerpt":{"rendered":"<p>La soude caustique, un produit chimique \u00e0 la base de vos transformations.\u00a0La soude caustique, aussi connue sous le nom d&rsquo;hydroxyde de sodium, est une base tr\u00e8s puissante et tr\u00e8s polyvalente. C&rsquo;est un produit chimique tr\u00e8s populaire en raison de sa grande basicit\u00e9 permettant un bon contr\u00f4le du ph . 1kg<\/p>\n","protected":false},"featured_media":4322,"comment_status":"open","ping_status":"closed","template":"","meta":{"_et_pb_use_builder":"","_et_pb_old_content":"","_et_gb_content_width":"","_themeisle_gutenberg_block_has_review":false,"jetpack_publicize_message":"","jetpack_publicize_feature_enabled":true,"jetpack_social_post_already_shared":false,"jetpack_social_options":{"image_generator_settings":{"template":"highway","default_image_id":0,"font":"","enabled":false},"version":2}},"product_brand":[],"product_cat":[16],"product_tag":[],"class_list":{"0":"post-4321","1":"product","2":"type-product","3":"status-publish","4":"has-post-thumbnail","6":"product_cat-produit-cosmetique","8":"first","9":"instock","10":"shipping-taxable","11":"purchasable","12":"product-type-simple"},"aioseo_notices":[],"jetpack_publicize_connections":[],"jetpack_sharing_enabled":true,"_links":{"self":[{"href":"https:\/\/matierepremierekolea.com\/fr_fr\/wp-json\/wp\/v2\/product\/4321","targetHints":{"allow":["GET"]}}],"collection":[{"href":"https:\/\/matierepremierekolea.com\/fr_fr\/wp-json\/wp\/v2\/product"}],"about":[{"href":"https:\/\/matierepremierekolea.com\/fr_fr\/wp-json\/wp\/v2\/types\/product"}],"replies":[{"embeddable":true,"href":"https:\/\/matierepremierekolea.com\/fr_fr\/wp-json\/wp\/v2\/comments?post=4321"}],"wp:featuredmedia":[{"embeddable":true,"href":"https:\/\/matierepremierekolea.com\/fr_fr\/wp-json\/wp\/v2\/media\/4322"}],"wp:attachment":[{"href":"https:\/\/matierepremierekolea.com\/fr_fr\/wp-json\/wp\/v2\/media?parent=4321"}],"wp:term":[{"taxonomy":"product_brand","embeddable":true,"href":"https:\/\/matierepremierekolea.com\/fr_fr\/wp-json\/wp\/v2\/product_brand?post=4321"},{"taxonomy":"product_cat","embeddable":true,"href":"https:\/\/matierepremierekolea.com\/fr_fr\/wp-json\/wp\/v2\/product_cat?post=4321"},{"taxonomy":"product_tag","embeddable":true,"href":"https:\/\/matierepremierekolea.com\/fr_fr\/wp-json\/wp\/v2\/product_tag?post=4321"}],"curies":[{"name":"wp","href":"https:\/\/api.w.org\/{rel}","templated":true}]}}