{"id":55,"date":"2020-07-26T16:43:33","date_gmt":"2020-07-26T14:43:33","guid":{"rendered":"http:\/\/matierepremierekolea.com\/?post_type=product&#038;p=55"},"modified":"2026-03-07T11:06:56","modified_gmt":"2026-03-07T10:06:56","slug":"huile-davocat","status":"publish","type":"product","link":"https:\/\/matierepremierekolea.com\/fr_fr\/produit\/huile-davocat","title":{"rendered":"L&rsquo;HUILE D&rsquo;AVOCAT raffin\u00e9e 500ml"},"content":{"rendered":"<p>utilis\u00e9 dans les produits cosm\u00e9tiques en tant que soin r\u00e9parateur, l\u2019avocat est reconnu pour ses propri\u00e9t\u00e9s sur les cheveux secs et abim\u00e9s. Pour\u00a0<strong>nourrir<\/strong>\u00a0et\u00a0<strong>sublimer les cheveux secs<\/strong>, vous pouvez appliquer et laisser poser l\u2019huile d\u2019avocat bio sur l\u2019ensemble des cheveux pendant une 1h minimum. Cette huile apporte\u00a0<strong>brillance, douceur et souplesse<\/strong>\u00a0au cheveu gr\u00e2ce \u00e0 ses nombreuses vertus. Vous pouvez \u00e9galement l\u2019inclure dans une recette de masque maison pour cheveux secs, par exemple, vous pouvez m\u00e9langer l\u2019huile d\u2019avocat bio avec un blanc d\u2019\u0153uf (pour la brillance) et un avocat (pour assouplir le cheveu).<\/p>\n","protected":false},"excerpt":{"rendered":"<p>utilis\u00e9 dans les produits cosm\u00e9tiques en tant que soin r\u00e9parateur, l\u2019avocat est reconnu pour ses propri\u00e9t\u00e9s sur les cheveux secs et abim\u00e9s. Pour\u00a0nourrir\u00a0et\u00a0sublimer les cheveux secs, vous pouvez appliquer et laisser poser l\u2019huile d\u2019avocat bio sur l\u2019ensemble des cheveux pendant une 1h minimum. Cette huile apporte\u00a0brillance, douceur et souplesse\u00a0au cheveu gr\u00e2ce \u00e0 ses nombreuses vertus. [&hellip;]<\/p>\n","protected":false},"featured_media":232,"comment_status":"open","ping_status":"closed","template":"","meta":{"_et_pb_use_builder":"","_et_pb_old_content":"","_et_gb_content_width":"","_themeisle_gutenberg_block_has_review":false,"jetpack_publicize_message":"","jetpack_publicize_feature_enabled":true,"jetpack_social_post_already_shared":false,"jetpack_social_options":{"image_generator_settings":{"template":"highway","default_image_id":0,"font":"","enabled":false},"version":2}},"product_brand":[],"product_cat":[22],"product_tag":[],"class_list":{"0":"post-55","1":"product","2":"type-product","3":"status-publish","4":"has-post-thumbnail","6":"product_cat-lhuile-vegetale-naturelles","8":"first","9":"outofstock","10":"shipping-taxable","11":"purchasable","12":"product-type-simple"},"aioseo_notices":[],"jetpack_publicize_connections":[],"jetpack_sharing_enabled":true,"_links":{"self":[{"href":"https:\/\/matierepremierekolea.com\/fr_fr\/wp-json\/wp\/v2\/product\/55","targetHints":{"allow":["GET"]}}],"collection":[{"href":"https:\/\/matierepremierekolea.com\/fr_fr\/wp-json\/wp\/v2\/product"}],"about":[{"href":"https:\/\/matierepremierekolea.com\/fr_fr\/wp-json\/wp\/v2\/types\/product"}],"replies":[{"embeddable":true,"href":"https:\/\/matierepremierekolea.com\/fr_fr\/wp-json\/wp\/v2\/comments?post=55"}],"wp:featuredmedia":[{"embeddable":true,"href":"https:\/\/matierepremierekolea.com\/fr_fr\/wp-json\/wp\/v2\/media\/232"}],"wp:attachment":[{"href":"https:\/\/matierepremierekolea.com\/fr_fr\/wp-json\/wp\/v2\/media?parent=55"}],"wp:term":[{"taxonomy":"product_brand","embeddable":true,"href":"https:\/\/matierepremierekolea.com\/fr_fr\/wp-json\/wp\/v2\/product_brand?post=55"},{"taxonomy":"product_cat","embeddable":true,"href":"https:\/\/matierepremierekolea.com\/fr_fr\/wp-json\/wp\/v2\/product_cat?post=55"},{"taxonomy":"product_tag","embeddable":true,"href":"https:\/\/matierepremierekolea.com\/fr_fr\/wp-json\/wp\/v2\/product_tag?post=55"}],"curies":[{"name":"wp","href":"https:\/\/api.w.org\/{rel}","templated":true}]}}