{"id":579,"date":"2020-08-20T21:09:48","date_gmt":"2020-08-20T19:09:48","guid":{"rendered":"https:\/\/matierepremierekolea.com\/?post_type=product&#038;p=579"},"modified":"2026-04-07T13:29:19","modified_gmt":"2026-04-07T11:29:19","slug":"polysorbate-tween20-500g","status":"publish","type":"product","link":"https:\/\/matierepremierekolea.com\/fr_fr\/produit\/polysorbate-tween20-500g","title":{"rendered":"POLYSORBATE ( tween)20  500G"},"content":{"rendered":"<p>Le polysorbate, connu parfois sous le nom Tween 20, est un \u00e9mulsifiant et un agent dispersant doux et non toxique. Il est couramment utilis\u00e9 pour m\u00e9langer les fragrances ou les huiles essentielles avec les bases aqueuses, telles que les cr\u00e8mes, les shampoings, les gels douche, etc.<\/p>\n<p>&nbsp;<\/p>\n<p>Pour l&rsquo;utiliser, il suffit de m\u00e9langer 2 parts de polysorbate 20 avec une part de fragrance ou d&rsquo;huile essentielle, pour ensuite l&rsquo;incorporer \u00e0 votre recette.<\/p>\n","protected":false},"excerpt":{"rendered":"<p>Le polysorbate, connu parfois sous le nom Tween 20, est un \u00e9mulsifiant et un agent dispersant doux et non toxique. Il est couramment utilis\u00e9 pour m\u00e9langer les fragrances ou les huiles essentielles avec les bases aqueuses, telles que les cr\u00e8mes, les shampoings, les gels douche, etc. &nbsp; Pour l&rsquo;utiliser, il suffit de m\u00e9langer 2 parts [&hellip;]<\/p>\n","protected":false},"featured_media":580,"comment_status":"open","ping_status":"closed","template":"","meta":{"_et_pb_use_builder":"","_et_pb_old_content":"","_et_gb_content_width":"","_themeisle_gutenberg_block_has_review":false,"jetpack_publicize_message":"","jetpack_publicize_feature_enabled":true,"jetpack_social_post_already_shared":false,"jetpack_social_options":{"image_generator_settings":{"template":"highway","default_image_id":0,"font":"","enabled":false},"version":2}},"product_brand":[],"product_cat":[16],"product_tag":[],"class_list":{"0":"post-579","1":"product","2":"type-product","3":"status-publish","4":"has-post-thumbnail","6":"product_cat-produit-cosmetique","8":"first","9":"instock","10":"shipping-taxable","11":"purchasable","12":"product-type-simple"},"aioseo_notices":[],"jetpack_publicize_connections":[],"jetpack_sharing_enabled":true,"_links":{"self":[{"href":"https:\/\/matierepremierekolea.com\/fr_fr\/wp-json\/wp\/v2\/product\/579","targetHints":{"allow":["GET"]}}],"collection":[{"href":"https:\/\/matierepremierekolea.com\/fr_fr\/wp-json\/wp\/v2\/product"}],"about":[{"href":"https:\/\/matierepremierekolea.com\/fr_fr\/wp-json\/wp\/v2\/types\/product"}],"replies":[{"embeddable":true,"href":"https:\/\/matierepremierekolea.com\/fr_fr\/wp-json\/wp\/v2\/comments?post=579"}],"wp:featuredmedia":[{"embeddable":true,"href":"https:\/\/matierepremierekolea.com\/fr_fr\/wp-json\/wp\/v2\/media\/580"}],"wp:attachment":[{"href":"https:\/\/matierepremierekolea.com\/fr_fr\/wp-json\/wp\/v2\/media?parent=579"}],"wp:term":[{"taxonomy":"product_brand","embeddable":true,"href":"https:\/\/matierepremierekolea.com\/fr_fr\/wp-json\/wp\/v2\/product_brand?post=579"},{"taxonomy":"product_cat","embeddable":true,"href":"https:\/\/matierepremierekolea.com\/fr_fr\/wp-json\/wp\/v2\/product_cat?post=579"},{"taxonomy":"product_tag","embeddable":true,"href":"https:\/\/matierepremierekolea.com\/fr_fr\/wp-json\/wp\/v2\/product_tag?post=579"}],"curies":[{"name":"wp","href":"https:\/\/api.w.org\/{rel}","templated":true}]}}