{"id":67,"date":"2020-07-26T23:05:05","date_gmt":"2020-07-26T21:05:05","guid":{"rendered":"http:\/\/matierepremierekolea.com\/?post_type=product&#038;p=67"},"modified":"2026-02-24T10:37:21","modified_gmt":"2026-02-24T09:37:21","slug":"benzoate-de-soduim","status":"publish","type":"product","link":"https:\/\/matierepremierekolea.com\/fr_fr\/produit\/benzoate-de-soduim","title":{"rendered":"BENZOATE DE SODUIM 500G"},"content":{"rendered":"<p>Le benzoate de sodium est le sel de l\u2019acide benzo\u00efque que l\u2019on trouve \u00e0 l\u2019\u00e9tat naturel dans certains fruits ( canneberges, airelles, \u2026). Utilis\u00e9 comme conservateur alimentaire, le benzoate de sodium est \u00e9galement employ\u00e9 comme conservateur dans de nombreux cosm\u00e9tiques certifi\u00e9s biologiques.<\/p>\n<p>Le benzoate de sodium pr\u00e9vient la formation des champignons et bact\u00e9ries dans les produits \u00e0\u00a0 base d\u2019eau. Il est souvent associ\u00e9 \u00e0 d\u2019autres conservateurs comme le sorbate de potassium ou l\u2019extrait de p\u00e9pins de pamplemousse, mais il peut s\u2019employer seul. 1KG<\/p>\n","protected":false},"excerpt":{"rendered":"<p>Le benzoate de sodium est le sel de l\u2019acide benzo\u00efque que l\u2019on trouve \u00e0 l\u2019\u00e9tat naturel dans certains fruits ( canneberges, airelles, \u2026). Utilis\u00e9 comme conservateur alimentaire, le benzoate de sodium est \u00e9galement employ\u00e9 comme conservateur dans de nombreux cosm\u00e9tiques certifi\u00e9s biologiques. Le benzoate de sodium pr\u00e9vient la formation des champignons et bact\u00e9ries dans les [&hellip;]<\/p>\n","protected":false},"featured_media":69,"comment_status":"open","ping_status":"closed","template":"","meta":{"_et_pb_use_builder":"","_et_pb_old_content":"","_et_gb_content_width":"","_themeisle_gutenberg_block_has_review":false,"jetpack_publicize_message":"","jetpack_publicize_feature_enabled":true,"jetpack_social_post_already_shared":false,"jetpack_social_options":{"image_generator_settings":{"template":"highway","default_image_id":0,"font":"","enabled":false},"version":2}},"product_brand":[],"product_cat":[16],"product_tag":[],"class_list":{"0":"post-67","1":"product","2":"type-product","3":"status-publish","4":"has-post-thumbnail","6":"product_cat-produit-cosmetique","8":"first","9":"instock","10":"shipping-taxable","11":"purchasable","12":"product-type-simple"},"aioseo_notices":[],"jetpack_publicize_connections":[],"jetpack_sharing_enabled":true,"_links":{"self":[{"href":"https:\/\/matierepremierekolea.com\/fr_fr\/wp-json\/wp\/v2\/product\/67","targetHints":{"allow":["GET"]}}],"collection":[{"href":"https:\/\/matierepremierekolea.com\/fr_fr\/wp-json\/wp\/v2\/product"}],"about":[{"href":"https:\/\/matierepremierekolea.com\/fr_fr\/wp-json\/wp\/v2\/types\/product"}],"replies":[{"embeddable":true,"href":"https:\/\/matierepremierekolea.com\/fr_fr\/wp-json\/wp\/v2\/comments?post=67"}],"wp:featuredmedia":[{"embeddable":true,"href":"https:\/\/matierepremierekolea.com\/fr_fr\/wp-json\/wp\/v2\/media\/69"}],"wp:attachment":[{"href":"https:\/\/matierepremierekolea.com\/fr_fr\/wp-json\/wp\/v2\/media?parent=67"}],"wp:term":[{"taxonomy":"product_brand","embeddable":true,"href":"https:\/\/matierepremierekolea.com\/fr_fr\/wp-json\/wp\/v2\/product_brand?post=67"},{"taxonomy":"product_cat","embeddable":true,"href":"https:\/\/matierepremierekolea.com\/fr_fr\/wp-json\/wp\/v2\/product_cat?post=67"},{"taxonomy":"product_tag","embeddable":true,"href":"https:\/\/matierepremierekolea.com\/fr_fr\/wp-json\/wp\/v2\/product_tag?post=67"}],"curies":[{"name":"wp","href":"https:\/\/api.w.org\/{rel}","templated":true}]}}