{"id":88,"date":"2020-08-01T18:21:58","date_gmt":"2020-08-01T16:21:58","guid":{"rendered":"http:\/\/matierepremierekolea.com\/?post_type=product&#038;p=88"},"modified":"2026-04-06T09:41:00","modified_gmt":"2026-04-06T07:41:00","slug":"glycerine","status":"publish","type":"product","link":"https:\/\/matierepremierekolea.com\/fr_fr\/produit\/glycerine","title":{"rendered":"huile de glyc\u00e9rine 1kg"},"content":{"rendered":"<p>La glyc\u00e9rine v\u00e9g\u00e9tale est un agent hydratant pour la peau et les cheveux. Elle s&rsquo;incorpore tr\u00e8s facilement dans vos \u00e9mulsions (cr\u00e8mes laits), vos gels douches, vos shampooings&#8230;auxquels elle apporte un toucher tr\u00e8s doux. Elle vous permettra aussi de r\u00e9aliser vos propres mac\u00e9r\u00e2ts hydroglyc\u00e9rin\u00e9s de plantes. Nous vous proposons une glyc\u00e9rine de haute qualit\u00e9,<\/p>\n","protected":false},"excerpt":{"rendered":"<p>La glyc\u00e9rine v\u00e9g\u00e9tale est un agent hydratant pour la peau et les cheveux. Elle s&rsquo;incorpore tr\u00e8s facilement dans vos \u00e9mulsions (cr\u00e8mes laits), vos gels douches, vos shampooings&#8230;auxquels elle apporte un toucher tr\u00e8s doux. Elle vous permettra aussi de r\u00e9aliser vos propres mac\u00e9r\u00e2ts hydroglyc\u00e9rin\u00e9s de plantes. Nous vous proposons une glyc\u00e9rine de haute qualit\u00e9,<\/p>\n","protected":false},"featured_media":89,"comment_status":"open","ping_status":"closed","template":"","meta":{"_et_pb_use_builder":"","_et_pb_old_content":"","_et_gb_content_width":"","_themeisle_gutenberg_block_has_review":false,"jetpack_publicize_message":"","jetpack_publicize_feature_enabled":true,"jetpack_social_post_already_shared":false,"jetpack_social_options":{"image_generator_settings":{"template":"highway","default_image_id":0,"font":"","enabled":false},"version":2}},"product_brand":[],"product_cat":[16],"product_tag":[],"class_list":{"0":"post-88","1":"product","2":"type-product","3":"status-publish","4":"has-post-thumbnail","6":"product_cat-produit-cosmetique","8":"first","9":"instock","10":"sale","11":"shipping-taxable","12":"purchasable","13":"product-type-simple"},"aioseo_notices":[],"jetpack_publicize_connections":[],"jetpack_sharing_enabled":true,"_links":{"self":[{"href":"https:\/\/matierepremierekolea.com\/fr_fr\/wp-json\/wp\/v2\/product\/88","targetHints":{"allow":["GET"]}}],"collection":[{"href":"https:\/\/matierepremierekolea.com\/fr_fr\/wp-json\/wp\/v2\/product"}],"about":[{"href":"https:\/\/matierepremierekolea.com\/fr_fr\/wp-json\/wp\/v2\/types\/product"}],"replies":[{"embeddable":true,"href":"https:\/\/matierepremierekolea.com\/fr_fr\/wp-json\/wp\/v2\/comments?post=88"}],"wp:featuredmedia":[{"embeddable":true,"href":"https:\/\/matierepremierekolea.com\/fr_fr\/wp-json\/wp\/v2\/media\/89"}],"wp:attachment":[{"href":"https:\/\/matierepremierekolea.com\/fr_fr\/wp-json\/wp\/v2\/media?parent=88"}],"wp:term":[{"taxonomy":"product_brand","embeddable":true,"href":"https:\/\/matierepremierekolea.com\/fr_fr\/wp-json\/wp\/v2\/product_brand?post=88"},{"taxonomy":"product_cat","embeddable":true,"href":"https:\/\/matierepremierekolea.com\/fr_fr\/wp-json\/wp\/v2\/product_cat?post=88"},{"taxonomy":"product_tag","embeddable":true,"href":"https:\/\/matierepremierekolea.com\/fr_fr\/wp-json\/wp\/v2\/product_tag?post=88"}],"curies":[{"name":"wp","href":"https:\/\/api.w.org\/{rel}","templated":true}]}}