{"id":8891,"date":"2022-07-19T13:22:01","date_gmt":"2022-07-19T11:22:01","guid":{"rendered":"https:\/\/matierepremierekolea.com\/?post_type=product&#038;p=8891"},"modified":"2025-11-17T14:21:11","modified_gmt":"2025-11-17T13:21:11","slug":"meritol-1kg","status":"publish","type":"product","link":"https:\/\/matierepremierekolea.com\/fr_fr\/produit\/meritol-1kg","title":{"rendered":"Myritol312 1L"},"content":{"rendered":"<div class=\"flex-1 overflow-hidden\">\n<div class=\"react-scroll-to-bottom--css-jderq-79elbk h-full dark:bg-gray-800\">\n<div class=\"react-scroll-to-bottom--css-jderq-1n7m0yu\">\n<div class=\"flex flex-col text-sm dark:bg-gray-800\">\n<div class=\"group w-full text-token-text-primary border-b border-black\/10 dark:border-gray-900\/50 bg-gray-50 dark:bg-[#444654]\">\n<div class=\"flex p-4 gap-4 text-base md:gap-6 md:max-w-2xl lg:max-w-[38rem] xl:max-w-3xl md:py-6 lg:px-0 m-auto\">\n<div class=\"relative flex w-[calc(100%-50px)] flex-col gap-1 md:gap-3 lg:w-[calc(100%-115px)]\">\n<div class=\"flex flex-grow flex-col gap-3\">\n<div class=\"min-h-[20px] flex flex-col items-start gap-3 overflow-x-auto whitespace-pre-wrap break-words\">\n<div class=\"markdown prose w-full break-words dark:prose-invert light\">\n<p>Myritol 318 est une huile synth\u00e9tique couramment utilis\u00e9e dans les industries cosm\u00e9tiques et pharmaceutiques. Il est connu sous son nom INCI sous le nom de Caprylic\/Capric Triglyceride.<\/p>\n<p>Voici quelques-unes des caract\u00e9ristiques et utilisations du Myritol 318 :<\/p>\n<ol>\n<li><strong>Emollient<\/strong> : Myritol 318 agit comme un \u00e9mollient, donnant aux formulations une sensation de douceur sur la peau. Il aide \u00e0 r\u00e9duire le gras des autres ingr\u00e9dients, rendant le produit final plus l\u00e9ger et plus agr\u00e9able sur la peau.<\/li>\n<li><strong>Solvant<\/strong> : Il peut \u00eatre utilis\u00e9 pour dissoudre d&rsquo;autres substances, notamment dans la formulation de filtres solaires ou de produits de maquillage o\u00f9 il peut aider \u00e0 solubiliser les filtres UV cristallins et les pigments.<\/li>\n<li><strong>Huile de support<\/strong> : Elle est souvent utilis\u00e9e comme huile de support dans les s\u00e9rums ou les traitements \u00e0 base d&rsquo;huile, permettant une dispersion et une distribution uniformes des ingr\u00e9dients actifs.<\/li>\n<li><strong>S\u00e9curit\u00e9<\/strong> : Le triglyc\u00e9ride caprylique\/caprique est g\u00e9n\u00e9ralement consid\u00e9r\u00e9 comme un ingr\u00e9dient s\u00fbr. Il est non irritant et non com\u00e9dog\u00e8ne (ne bouche pas les pores).<\/li>\n<li><strong>Source<\/strong>\u00a0: Alors que le caprylic\/capric triglyceride peut \u00eatre d\u00e9riv\u00e9 de l&rsquo;huile de noix de coco et de la glyc\u00e9rine, le myritol 318 est une version synth\u00e9tique.<\/li>\n<li><strong>Stabilit\u00e9<\/strong> : Myritol 318 est stable et peut \u00eatre utilis\u00e9 pour am\u00e9liorer la dur\u00e9e de conservation des formulations car il ne s&rsquo;oxyde pas facilement.<\/li>\n<li><strong>Am\u00e9liore la texture du produit<\/strong>\u00a0: lorsqu&rsquo;il est utilis\u00e9 dans des formulations cosm\u00e9tiques, il peut contribuer \u00e0 une texture lisse et soyeuse, ce qui est particuli\u00e8rement souhait\u00e9 dans les cr\u00e8mes pour la peau, les lotions et les produits de maquillage.<\/li>\n<\/ol>\n<p>Il est important de noter que bien que Myritol 318 soit b\u00e9n\u00e9fique et largement utilis\u00e9, les formulateurs doivent toujours effectuer des tests de compatibilit\u00e9 et de stabilit\u00e9 lors de son incorporation dans de nouvelles formulations.<\/p>\n<\/div>\n<\/div>\n<\/div>\n<\/div>\n<\/div>\n<\/div>\n<\/div>\n<\/div>\n<\/div>\n<\/div>\n<div class=\"absolute bottom-0 left-0 w-full border-t md:border-t-0 dark:border-white\/20 md:border-transparent md:dark:border-transparent md:bg-vert-light-gradient bg-white dark:bg-gray-800 md:!bg-transparent dark:md:bg-vert-dark-gradient pt-2 md:pl-2 md:w-[calc(100%-.5rem)]\">\n<form class=\"stretch mx-2 flex flex-row gap-3 last:mb-2 md:mx-4 md:last:mb-6 lg:mx-auto lg:max-w-2xl xl:max-w-3xl\">\n<div class=\"relative flex h-full flex-1 items-stretch md:flex-col\">\n<div class=\"flex w-full items-center\"><\/div>\n<\/div>\n<\/form>\n<\/div>\n","protected":false},"excerpt":{"rendered":"<p>Myritol 318 est une huile synth\u00e9tique couramment utilis\u00e9e dans les industries cosm\u00e9tiques et pharmaceutiques. Il est connu sous son nom INCI sous le nom de Caprylic\/Capric Triglyceride. Voici quelques-unes des caract\u00e9ristiques et utilisations du Myritol 318 : Emollient : Myritol 318 agit comme un \u00e9mollient, donnant aux formulations une sensation de douceur sur la peau. [&hellip;]<\/p>\n","protected":false},"featured_media":516,"comment_status":"open","ping_status":"closed","template":"","meta":{"_et_pb_use_builder":"","_et_pb_old_content":"","_et_gb_content_width":"","_themeisle_gutenberg_block_has_review":false,"jetpack_publicize_message":"","jetpack_publicize_feature_enabled":true,"jetpack_social_post_already_shared":false,"jetpack_social_options":{"image_generator_settings":{"template":"highway","default_image_id":0,"font":"","enabled":false},"version":2}},"product_brand":[],"product_cat":[16],"product_tag":[],"class_list":{"0":"post-8891","1":"product","2":"type-product","3":"status-publish","4":"has-post-thumbnail","6":"product_cat-produit-cosmetique","8":"first","9":"outofstock","10":"shipping-taxable","11":"purchasable","12":"product-type-simple"},"aioseo_notices":[],"jetpack_publicize_connections":[],"jetpack_sharing_enabled":true,"_links":{"self":[{"href":"https:\/\/matierepremierekolea.com\/fr_fr\/wp-json\/wp\/v2\/product\/8891","targetHints":{"allow":["GET"]}}],"collection":[{"href":"https:\/\/matierepremierekolea.com\/fr_fr\/wp-json\/wp\/v2\/product"}],"about":[{"href":"https:\/\/matierepremierekolea.com\/fr_fr\/wp-json\/wp\/v2\/types\/product"}],"replies":[{"embeddable":true,"href":"https:\/\/matierepremierekolea.com\/fr_fr\/wp-json\/wp\/v2\/comments?post=8891"}],"wp:featuredmedia":[{"embeddable":true,"href":"https:\/\/matierepremierekolea.com\/fr_fr\/wp-json\/wp\/v2\/media\/516"}],"wp:attachment":[{"href":"https:\/\/matierepremierekolea.com\/fr_fr\/wp-json\/wp\/v2\/media?parent=8891"}],"wp:term":[{"taxonomy":"product_brand","embeddable":true,"href":"https:\/\/matierepremierekolea.com\/fr_fr\/wp-json\/wp\/v2\/product_brand?post=8891"},{"taxonomy":"product_cat","embeddable":true,"href":"https:\/\/matierepremierekolea.com\/fr_fr\/wp-json\/wp\/v2\/product_cat?post=8891"},{"taxonomy":"product_tag","embeddable":true,"href":"https:\/\/matierepremierekolea.com\/fr_fr\/wp-json\/wp\/v2\/product_tag?post=8891"}],"curies":[{"name":"wp","href":"https:\/\/api.w.org\/{rel}","templated":true}]}}