{"id":98,"date":"2020-08-01T18:56:55","date_gmt":"2020-08-01T16:56:55","guid":{"rendered":"http:\/\/matierepremierekolea.com\/?post_type=product&#038;p=98"},"modified":"2026-02-08T15:59:10","modified_gmt":"2026-02-08T14:59:10","slug":"huile-dabricot","status":"publish","type":"product","link":"https:\/\/matierepremierekolea.com\/fr_fr\/produit\/huile-dabricot","title":{"rendered":"L&rsquo;HUILE NOYAUX D&rsquo;ABRICOT 1L"},"content":{"rendered":"<p>Extraite des noyaux d&rsquo;abricot, cette huile est connue pour ses effets anti-\u00e2ge et assouplissant sur tous les types de peau. Elle donne une bonne mine et constitue un excellent support pour pr\u00e9parer des m\u00e9langes d&rsquo;huiles essentielles ou des huiles de massage.100% pure et naturelle. 1kg<\/p>\n","protected":false},"excerpt":{"rendered":"<p>Extraite des noyaux d&rsquo;abricot, cette huile est connue pour ses effets anti-\u00e2ge et assouplissant sur tous les types de peau. Elle donne une bonne mine et constitue un excellent support pour pr\u00e9parer des m\u00e9langes d&rsquo;huiles essentielles ou des huiles de massage.100% pure et naturelle. 1kg<\/p>\n","protected":false},"featured_media":100,"comment_status":"open","ping_status":"closed","template":"","meta":{"_et_pb_use_builder":"","_et_pb_old_content":"","_et_gb_content_width":"","_themeisle_gutenberg_block_has_review":false,"jetpack_publicize_message":"","jetpack_publicize_feature_enabled":true,"jetpack_social_post_already_shared":false,"jetpack_social_options":{"image_generator_settings":{"template":"highway","default_image_id":0,"font":"","enabled":false},"version":2}},"product_brand":[],"product_cat":[22],"product_tag":[],"class_list":{"0":"post-98","1":"product","2":"type-product","3":"status-publish","4":"has-post-thumbnail","6":"product_cat-lhuile-vegetale-naturelles","8":"first","9":"instock","10":"shipping-taxable","11":"purchasable","12":"product-type-simple"},"aioseo_notices":[],"jetpack_publicize_connections":[],"jetpack_sharing_enabled":true,"_links":{"self":[{"href":"https:\/\/matierepremierekolea.com\/fr_fr\/wp-json\/wp\/v2\/product\/98","targetHints":{"allow":["GET"]}}],"collection":[{"href":"https:\/\/matierepremierekolea.com\/fr_fr\/wp-json\/wp\/v2\/product"}],"about":[{"href":"https:\/\/matierepremierekolea.com\/fr_fr\/wp-json\/wp\/v2\/types\/product"}],"replies":[{"embeddable":true,"href":"https:\/\/matierepremierekolea.com\/fr_fr\/wp-json\/wp\/v2\/comments?post=98"}],"wp:featuredmedia":[{"embeddable":true,"href":"https:\/\/matierepremierekolea.com\/fr_fr\/wp-json\/wp\/v2\/media\/100"}],"wp:attachment":[{"href":"https:\/\/matierepremierekolea.com\/fr_fr\/wp-json\/wp\/v2\/media?parent=98"}],"wp:term":[{"taxonomy":"product_brand","embeddable":true,"href":"https:\/\/matierepremierekolea.com\/fr_fr\/wp-json\/wp\/v2\/product_brand?post=98"},{"taxonomy":"product_cat","embeddable":true,"href":"https:\/\/matierepremierekolea.com\/fr_fr\/wp-json\/wp\/v2\/product_cat?post=98"},{"taxonomy":"product_tag","embeddable":true,"href":"https:\/\/matierepremierekolea.com\/fr_fr\/wp-json\/wp\/v2\/product_tag?post=98"}],"curies":[{"name":"wp","href":"https:\/\/api.w.org\/{rel}","templated":true}]}}